{"id":5097,"date":"2015-09-16T09:53:45","date_gmt":"2015-09-16T09:53:45","guid":{"rendered":"http:\/\/finkelstein-metals.com\/fr\/billets\/"},"modified":"2016-08-11T04:44:31","modified_gmt":"2016-08-11T04:44:31","slug":"billets","status":"publish","type":"page","link":"http:\/\/finkelstein-metals.com\/fr\/billets\/","title":{"rendered":"BILLETTS"},"content":{"rendered":"<p><a href=\"http:\/\/finkelstein-metals.com\/wp-content\/uploads\/2015\/10\/ELI_5764final-e1444831447809.jpg\"><img decoding=\"async\" class=\"alignnone wp-image-3947 size-full\" src=\"http:\/\/finkelstein-metals.com\/wp-content\/uploads\/2015\/10\/ELI_5764final-e1445528606882.jpg\" alt=\"ELI_5764final\" width=\"1024\" height=\"401\" srcset=\"http:\/\/finkelstein-metals.com\/wp-content\/uploads\/2015\/10\/ELI_5764final-e1445528606882.jpg 1024w, http:\/\/finkelstein-metals.com\/wp-content\/uploads\/2015\/10\/ELI_5764final-e1445528606882-600x235.jpg 600w, http:\/\/finkelstein-metals.com\/wp-content\/uploads\/2015\/10\/ELI_5764final-e1445528606882-300x117.jpg 300w\" sizes=\"(max-width: 1024px) 100vw, 1024px\" \/><\/a><\/p>\n<table>\n<tbody>\n<tr>\n<td>\n<p class=\"p1\"><span class=\"s1\">Billettes de haute qualit\u00e9 fabriqu\u00e9es aux normes internationales, Pr\u00eat pour l&rsquo;extrusion. <\/span><\/p>\n<p class=\"p1\"><span class=\"s1\">Billettes de 203 mm de diam\u00e8tre standard (8&Prime;), 2,1 m (82,6&Prime;) de long.<br \/>\nDiam\u00e8tre adaptable aux besoins des clients. Longueur adaptable entre 1m-3m.<\/span><\/p>\n<p class=\"p1\"><span class=\"s1\">Divers laiton et alliages d&rsquo;aluminium en bronze peuvent \u00eatre offerts selon la norme connue ou exigences sp\u00e9cifiques.<\/span><\/p>\n<\/td>\n<\/tr>\n<\/tbody>\n<\/table>\n<p>&nbsp;<\/p>\n","protected":false},"excerpt":{"rendered":"<p>Billettes de haute qualit\u00e9 fabriqu\u00e9es aux normes internationales, Pr\u00eat pour l&rsquo;extrusion. Billettes de 203 mm de diam\u00e8tre standard (8&Prime;), 2,1 m (82,6&Prime;) de long. Diam\u00e8tre adaptable aux besoins des clients. Longueur adaptable entre 1m-3m. Divers laiton et alliages d&rsquo;aluminium en bronze peuvent \u00eatre offerts selon la norme connue ou exigences sp\u00e9cifiques. &nbsp;<\/p>\n","protected":false},"author":3,"featured_media":0,"parent":0,"menu_order":0,"comment_status":"closed","ping_status":"closed","template":"","meta":{"_acf_changed":false,"footnotes":""},"class_list":["post-5097","page","type-page","status-publish","hentry"],"acf":[],"yoast_head":"<!-- This site is optimized with the Yoast SEO plugin v27.2 - https:\/\/yoast.com\/product\/yoast-seo-wordpress\/ -->\n<title>BILLETTS - Finkelstein Metal<\/title>\n<meta name=\"robots\" content=\"index, follow, max-snippet:-1, max-image-preview:large, max-video-preview:-1\" \/>\n<link rel=\"canonical\" href=\"http:\/\/finkelstein-metals.com\/fr\/billets\/\" \/>\n<meta property=\"og:locale\" content=\"fr_FR\" \/>\n<meta property=\"og:type\" content=\"article\" \/>\n<meta property=\"og:title\" content=\"BILLETTS - Finkelstein Metal\" \/>\n<meta property=\"og:description\" content=\"Billettes de haute qualit\u00e9 fabriqu\u00e9es aux normes internationales, Pr\u00eat pour l&rsquo;extrusion. Billettes de 203 mm de diam\u00e8tre standard (8&Prime;), 2,1 m (82,6&Prime;) de long. Diam\u00e8tre adaptable aux besoins des clients. Longueur adaptable entre 1m-3m. Divers laiton et alliages d&rsquo;aluminium en bronze peuvent \u00eatre offerts selon la norme connue ou exigences sp\u00e9cifiques. &nbsp;\" \/>\n<meta property=\"og:url\" content=\"http:\/\/finkelstein-metals.com\/fr\/billets\/\" \/>\n<meta property=\"og:site_name\" content=\"Finkelstein Metal\" \/>\n<meta property=\"article:modified_time\" content=\"2016-08-11T04:44:31+00:00\" \/>\n<meta property=\"og:image\" content=\"http:\/\/finkelstein-metals.com\/wp-content\/uploads\/2015\/10\/ELI_5764final-e1445528606882.jpg\" \/>\n<meta name=\"twitter:card\" content=\"summary_large_image\" \/>\n<script type=\"application\/ld+json\" class=\"yoast-schema-graph\">{\"@context\":\"https:\/\/schema.org\",\"@graph\":[{\"@type\":\"WebPage\",\"@id\":\"http:\/\/finkelstein-metals.com\/fr\/billets\/\",\"url\":\"http:\/\/finkelstein-metals.com\/fr\/billets\/\",\"name\":\"BILLETTS - Finkelstein Metal\",\"isPartOf\":{\"@id\":\"https:\/\/finkelstein-metals.com\/fr\/#website\"},\"primaryImageOfPage\":{\"@id\":\"http:\/\/finkelstein-metals.com\/fr\/billets\/#primaryimage\"},\"image\":{\"@id\":\"http:\/\/finkelstein-metals.com\/fr\/billets\/#primaryimage\"},\"thumbnailUrl\":\"http:\/\/finkelstein-metals.com\/wp-content\/uploads\/2015\/10\/ELI_5764final-e1445528606882.jpg\",\"datePublished\":\"2015-09-16T09:53:45+00:00\",\"dateModified\":\"2016-08-11T04:44:31+00:00\",\"breadcrumb\":{\"@id\":\"http:\/\/finkelstein-metals.com\/fr\/billets\/#breadcrumb\"},\"inLanguage\":\"fr-FR\",\"potentialAction\":[{\"@type\":\"ReadAction\",\"target\":[\"http:\/\/finkelstein-metals.com\/fr\/billets\/\"]}]},{\"@type\":\"ImageObject\",\"inLanguage\":\"fr-FR\",\"@id\":\"http:\/\/finkelstein-metals.com\/fr\/billets\/#primaryimage\",\"url\":\"http:\/\/finkelstein-metals.com\/wp-content\/uploads\/2015\/10\/ELI_5764final-e1445528606882.jpg\",\"contentUrl\":\"http:\/\/finkelstein-metals.com\/wp-content\/uploads\/2015\/10\/ELI_5764final-e1445528606882.jpg\"},{\"@type\":\"BreadcrumbList\",\"@id\":\"http:\/\/finkelstein-metals.com\/fr\/billets\/#breadcrumb\",\"itemListElement\":[{\"@type\":\"ListItem\",\"position\":1,\"name\":\"Home\",\"item\":\"https:\/\/finkelstein-metals.com\/fr\/\"},{\"@type\":\"ListItem\",\"position\":2,\"name\":\"BILLETTS\"}]},{\"@type\":\"WebSite\",\"@id\":\"https:\/\/finkelstein-metals.com\/fr\/#website\",\"url\":\"https:\/\/finkelstein-metals.com\/fr\/\",\"name\":\"Finkelstein Metal\",\"description\":\"Just another WordPress site\",\"potentialAction\":[{\"@type\":\"SearchAction\",\"target\":{\"@type\":\"EntryPoint\",\"urlTemplate\":\"https:\/\/finkelstein-metals.com\/fr\/?s={search_term_string}\"},\"query-input\":{\"@type\":\"PropertyValueSpecification\",\"valueRequired\":true,\"valueName\":\"search_term_string\"}}],\"inLanguage\":\"fr-FR\"}]}<\/script>\n<!-- \/ Yoast SEO plugin. -->","yoast_head_json":{"title":"BILLETTS - Finkelstein Metal","robots":{"index":"index","follow":"follow","max-snippet":"max-snippet:-1","max-image-preview":"max-image-preview:large","max-video-preview":"max-video-preview:-1"},"canonical":"http:\/\/finkelstein-metals.com\/fr\/billets\/","og_locale":"fr_FR","og_type":"article","og_title":"BILLETTS - Finkelstein Metal","og_description":"Billettes de haute qualit\u00e9 fabriqu\u00e9es aux normes internationales, Pr\u00eat pour l&rsquo;extrusion. Billettes de 203 mm de diam\u00e8tre standard (8&Prime;), 2,1 m (82,6&Prime;) de long. Diam\u00e8tre adaptable aux besoins des clients. Longueur adaptable entre 1m-3m. Divers laiton et alliages d&rsquo;aluminium en bronze peuvent \u00eatre offerts selon la norme connue ou exigences sp\u00e9cifiques. &nbsp;","og_url":"http:\/\/finkelstein-metals.com\/fr\/billets\/","og_site_name":"Finkelstein Metal","article_modified_time":"2016-08-11T04:44:31+00:00","og_image":[{"url":"http:\/\/finkelstein-metals.com\/wp-content\/uploads\/2015\/10\/ELI_5764final-e1445528606882.jpg","type":"","width":"","height":""}],"twitter_card":"summary_large_image","schema":{"@context":"https:\/\/schema.org","@graph":[{"@type":"WebPage","@id":"http:\/\/finkelstein-metals.com\/fr\/billets\/","url":"http:\/\/finkelstein-metals.com\/fr\/billets\/","name":"BILLETTS - Finkelstein Metal","isPartOf":{"@id":"https:\/\/finkelstein-metals.com\/fr\/#website"},"primaryImageOfPage":{"@id":"http:\/\/finkelstein-metals.com\/fr\/billets\/#primaryimage"},"image":{"@id":"http:\/\/finkelstein-metals.com\/fr\/billets\/#primaryimage"},"thumbnailUrl":"http:\/\/finkelstein-metals.com\/wp-content\/uploads\/2015\/10\/ELI_5764final-e1445528606882.jpg","datePublished":"2015-09-16T09:53:45+00:00","dateModified":"2016-08-11T04:44:31+00:00","breadcrumb":{"@id":"http:\/\/finkelstein-metals.com\/fr\/billets\/#breadcrumb"},"inLanguage":"fr-FR","potentialAction":[{"@type":"ReadAction","target":["http:\/\/finkelstein-metals.com\/fr\/billets\/"]}]},{"@type":"ImageObject","inLanguage":"fr-FR","@id":"http:\/\/finkelstein-metals.com\/fr\/billets\/#primaryimage","url":"http:\/\/finkelstein-metals.com\/wp-content\/uploads\/2015\/10\/ELI_5764final-e1445528606882.jpg","contentUrl":"http:\/\/finkelstein-metals.com\/wp-content\/uploads\/2015\/10\/ELI_5764final-e1445528606882.jpg"},{"@type":"BreadcrumbList","@id":"http:\/\/finkelstein-metals.com\/fr\/billets\/#breadcrumb","itemListElement":[{"@type":"ListItem","position":1,"name":"Home","item":"https:\/\/finkelstein-metals.com\/fr\/"},{"@type":"ListItem","position":2,"name":"BILLETTS"}]},{"@type":"WebSite","@id":"https:\/\/finkelstein-metals.com\/fr\/#website","url":"https:\/\/finkelstein-metals.com\/fr\/","name":"Finkelstein Metal","description":"Just another WordPress site","potentialAction":[{"@type":"SearchAction","target":{"@type":"EntryPoint","urlTemplate":"https:\/\/finkelstein-metals.com\/fr\/?s={search_term_string}"},"query-input":{"@type":"PropertyValueSpecification","valueRequired":true,"valueName":"search_term_string"}}],"inLanguage":"fr-FR"}]}},"_links":{"self":[{"href":"http:\/\/finkelstein-metals.com\/fr\/wp-json\/wp\/v2\/pages\/5097","targetHints":{"allow":["GET"]}}],"collection":[{"href":"http:\/\/finkelstein-metals.com\/fr\/wp-json\/wp\/v2\/pages"}],"about":[{"href":"http:\/\/finkelstein-metals.com\/fr\/wp-json\/wp\/v2\/types\/page"}],"author":[{"embeddable":true,"href":"http:\/\/finkelstein-metals.com\/fr\/wp-json\/wp\/v2\/users\/3"}],"replies":[{"embeddable":true,"href":"http:\/\/finkelstein-metals.com\/fr\/wp-json\/wp\/v2\/comments?post=5097"}],"version-history":[{"count":0,"href":"http:\/\/finkelstein-metals.com\/fr\/wp-json\/wp\/v2\/pages\/5097\/revisions"}],"wp:attachment":[{"href":"http:\/\/finkelstein-metals.com\/fr\/wp-json\/wp\/v2\/media?parent=5097"}],"curies":[{"name":"wp","href":"https:\/\/api.w.org\/{rel}","templated":true}]}}