{"id":5139,"date":"2015-09-06T20:38:06","date_gmt":"2015-09-06T20:38:06","guid":{"rendered":"http:\/\/finkelstein-metals.com\/fr\/machined-parts\/"},"modified":"2016-07-07T10:42:33","modified_gmt":"2016-07-07T10:42:33","slug":"machined-parts","status":"publish","type":"page","link":"http:\/\/finkelstein-metals.com\/fr\/machined-parts\/","title":{"rendered":"Pieces usinees"},"content":{"rendered":"<p><a href=\"http:\/\/finkelstein-metals.com\/\/wp-content\/uploads\/2015\/07\/image-widget1.png\"><img decoding=\"async\" class=\"size-full wp-image-512 alignnone\" src=\"http:\/\/finkelstein-metals.com\/\/wp-content\/uploads\/2015\/07\/image-widget1.png\" alt=\"image-widget1\" width=\"86\" height=\"73\" \/><\/a><\/p>\n<p class=\"p1\"><span class=\"s1\">Dans la <\/span><span class=\"s2\">r\u00e9alit\u00e9 des <\/span><span class=\"s1\">march\u00e9s d&rsquo;aujourd&rsquo;hui il est bien connu que beaucoup d&rsquo;entrepris<\/span><span class=\"s2\">es<\/span><span class=\"s1\"> pr\u00e9f\u00e9reront un fournisseur de valeur <\/span><span class=\"s2\">pouvant<\/span> <span class=\"s2\">fournir un composant final<span class=\"Apple-converted-space\">\u00a0 <\/span>tir\u00e9 directement dans les cha\u00eenes de montage.<\/span> Cette m\u00e9thodologie a beaucoup de logique et de sens vu que<span class=\"Apple-converted-space\">\u00a0 <\/span>l&rsquo;usinage et le forgeage des alliages de cuivre n\u00e9cessite une expertise unique. Ajoutons \u00e0 cela le co\u00fbt de la mati\u00e8re premi\u00e8re qui est g\u00e9n\u00e9ralement beaucoup plus \u00e9lev\u00e9 que les alliages de fer, par exemple. Lors de l&rsquo;usinage des alliages de cuivre beaucoup du mat\u00e9riel on\u00e9reux est laiss\u00e9 sur le sol comme mat\u00e9riel de rotation. Pour les clients qui pr\u00e9f\u00e8rent des pi\u00e8ces transform\u00e9es ou forg\u00e9s et transform\u00e9es, nous offrons nos services de pi\u00e8ces assembl\u00e9es pr\u00eates<span class=\"s3\"> \u00e0 <\/span>l\u2019exp\u00e9dition.<\/p>\n<p><a name=\"6\"><\/a><\/p>\n<table>\n<tbody>\n<tr>\n<td>\n<p class=\"p1\">Ce mode de <span class=\"s1\">fonctionnement permet de fairedefaire des<span class=\"Apple-converted-space\">\u00a0 <\/span>\u00e9conomies au client<\/span>. <span class=\"s1\">En effet, ce dernier ne paiera <\/span>que pour le poids net de la mati\u00e8re dans la partie finale et le travail d&rsquo;usinage.<\/p>\n<ul>\n<li class=\"p1\">Les mat\u00e9riaux de rotation <span class=\"s1\">seront de nouveau fus\u00e9s <\/span>dans notre usine et ne sont pas factur\u00e9s.<\/li>\n<li class=\"p1\">Le client n\u2019obtient que des pi\u00e8ces approuv\u00e9es par l\u2019Assurance Qualit\u00e9.<\/li>\n<li class=\"p1\">Le<span class=\"Apple-converted-space\">\u00a0 <\/span>volume et le poids d&rsquo;exp\u00e9dition sont consid\u00e9rablement r\u00e9duits car seules les parties finales sont exp\u00e9di\u00e9es<span class=\"s2\">.<\/span><\/li>\n<li class=\"p1\">Le Stockage du client s\u2019en trouve ainsi r\u00e9duit.<\/li>\n<li class=\"p2\">Les pi\u00e8ces que nous traitons sont de la meilleure qualit\u00e9 ce qui vous assure la valeur de votre placement<span class=\"s3\">.<\/span><\/li>\n<\/ul>\n<\/td>\n<td><\/td>\n<td><img decoding=\"async\" class=\"alignleft wp-image-3965 size-medium\" src=\"http:\/\/finkelstein-metals.com\/wp-content\/uploads\/2015\/10\/f11small-e1444832132411-213x300.gif\" alt=\"f11small\" width=\"213\" height=\"300\" \/><\/td>\n<\/tr>\n<\/tbody>\n<\/table>\n<p>&nbsp;<\/p>\n<p>&nbsp;<\/p>\n<p>&nbsp;<\/p>\n","protected":false},"excerpt":{"rendered":"<p>Dans la r\u00e9alit\u00e9 des march\u00e9s d&rsquo;aujourd&rsquo;hui il est bien connu que beaucoup d&rsquo;entreprises pr\u00e9f\u00e9reront un fournisseur de valeur pouvant fournir un composant final\u00a0 tir\u00e9 directement dans les cha\u00eenes de montage. Cette m\u00e9thodologie a beaucoup de logique et de sens vu que\u00a0 l&rsquo;usinage et le forgeage des alliages de cuivre n\u00e9cessite une expertise unique. Ajoutons \u00e0 [&hellip;]<\/p>\n","protected":false},"author":3,"featured_media":0,"parent":0,"menu_order":0,"comment_status":"closed","ping_status":"closed","template":"","meta":{"_acf_changed":false,"footnotes":""},"class_list":["post-5139","page","type-page","status-publish","hentry"],"acf":[],"yoast_head":"<!-- This site is optimized with the Yoast SEO plugin v27.2 - https:\/\/yoast.com\/product\/yoast-seo-wordpress\/ -->\n<title>Pieces usinees - Finkelstein Metal<\/title>\n<meta name=\"robots\" content=\"index, follow, max-snippet:-1, max-image-preview:large, max-video-preview:-1\" \/>\n<link rel=\"canonical\" href=\"https:\/\/finkelstein-metals.com\/fr\/machined-parts\/\" \/>\n<meta property=\"og:locale\" content=\"fr_FR\" \/>\n<meta property=\"og:type\" content=\"article\" \/>\n<meta property=\"og:title\" content=\"Pieces usinees - Finkelstein Metal\" \/>\n<meta property=\"og:description\" content=\"Dans la r\u00e9alit\u00e9 des march\u00e9s d&rsquo;aujourd&rsquo;hui il est bien connu que beaucoup d&rsquo;entreprises pr\u00e9f\u00e9reront un fournisseur de valeur pouvant fournir un composant final\u00a0 tir\u00e9 directement dans les cha\u00eenes de montage. Cette m\u00e9thodologie a beaucoup de logique et de sens vu que\u00a0 l&rsquo;usinage et le forgeage des alliages de cuivre n\u00e9cessite une expertise unique. Ajoutons \u00e0 [&hellip;]\" \/>\n<meta property=\"og:url\" content=\"https:\/\/finkelstein-metals.com\/fr\/machined-parts\/\" \/>\n<meta property=\"og:site_name\" content=\"Finkelstein Metal\" \/>\n<meta property=\"article:modified_time\" content=\"2016-07-07T10:42:33+00:00\" \/>\n<meta property=\"og:image\" content=\"http:\/\/finkelstein-metals.com\/\/wp-content\/uploads\/2015\/07\/image-widget1.png\" \/>\n<meta name=\"twitter:card\" content=\"summary_large_image\" \/>\n<meta name=\"twitter:label1\" content=\"Dur\u00e9e de lecture estim\u00e9e\" \/>\n\t<meta name=\"twitter:data1\" content=\"1 minute\" \/>\n<script type=\"application\/ld+json\" class=\"yoast-schema-graph\">{\"@context\":\"https:\/\/schema.org\",\"@graph\":[{\"@type\":\"WebPage\",\"@id\":\"https:\/\/finkelstein-metals.com\/fr\/machined-parts\/\",\"url\":\"https:\/\/finkelstein-metals.com\/fr\/machined-parts\/\",\"name\":\"Pieces usinees - Finkelstein Metal\",\"isPartOf\":{\"@id\":\"http:\/\/finkelstein-metals.com\/fr\/#website\"},\"primaryImageOfPage\":{\"@id\":\"https:\/\/finkelstein-metals.com\/fr\/machined-parts\/#primaryimage\"},\"image\":{\"@id\":\"https:\/\/finkelstein-metals.com\/fr\/machined-parts\/#primaryimage\"},\"thumbnailUrl\":\"http:\/\/finkelstein-metals.com\/\/wp-content\/uploads\/2015\/07\/image-widget1.png\",\"datePublished\":\"2015-09-06T20:38:06+00:00\",\"dateModified\":\"2016-07-07T10:42:33+00:00\",\"breadcrumb\":{\"@id\":\"https:\/\/finkelstein-metals.com\/fr\/machined-parts\/#breadcrumb\"},\"inLanguage\":\"fr-FR\",\"potentialAction\":[{\"@type\":\"ReadAction\",\"target\":[\"https:\/\/finkelstein-metals.com\/fr\/machined-parts\/\"]}]},{\"@type\":\"ImageObject\",\"inLanguage\":\"fr-FR\",\"@id\":\"https:\/\/finkelstein-metals.com\/fr\/machined-parts\/#primaryimage\",\"url\":\"http:\/\/finkelstein-metals.com\/\/wp-content\/uploads\/2015\/07\/image-widget1.png\",\"contentUrl\":\"http:\/\/finkelstein-metals.com\/\/wp-content\/uploads\/2015\/07\/image-widget1.png\"},{\"@type\":\"BreadcrumbList\",\"@id\":\"https:\/\/finkelstein-metals.com\/fr\/machined-parts\/#breadcrumb\",\"itemListElement\":[{\"@type\":\"ListItem\",\"position\":1,\"name\":\"Home\",\"item\":\"http:\/\/finkelstein-metals.com\/fr\/\"},{\"@type\":\"ListItem\",\"position\":2,\"name\":\"Pieces usinees\"}]},{\"@type\":\"WebSite\",\"@id\":\"http:\/\/finkelstein-metals.com\/fr\/#website\",\"url\":\"http:\/\/finkelstein-metals.com\/fr\/\",\"name\":\"Finkelstein Metal\",\"description\":\"Just another WordPress site\",\"potentialAction\":[{\"@type\":\"SearchAction\",\"target\":{\"@type\":\"EntryPoint\",\"urlTemplate\":\"http:\/\/finkelstein-metals.com\/fr\/?s={search_term_string}\"},\"query-input\":{\"@type\":\"PropertyValueSpecification\",\"valueRequired\":true,\"valueName\":\"search_term_string\"}}],\"inLanguage\":\"fr-FR\"}]}<\/script>\n<!-- \/ Yoast SEO plugin. -->","yoast_head_json":{"title":"Pieces usinees - Finkelstein Metal","robots":{"index":"index","follow":"follow","max-snippet":"max-snippet:-1","max-image-preview":"max-image-preview:large","max-video-preview":"max-video-preview:-1"},"canonical":"https:\/\/finkelstein-metals.com\/fr\/machined-parts\/","og_locale":"fr_FR","og_type":"article","og_title":"Pieces usinees - Finkelstein Metal","og_description":"Dans la r\u00e9alit\u00e9 des march\u00e9s d&rsquo;aujourd&rsquo;hui il est bien connu que beaucoup d&rsquo;entreprises pr\u00e9f\u00e9reront un fournisseur de valeur pouvant fournir un composant final\u00a0 tir\u00e9 directement dans les cha\u00eenes de montage. Cette m\u00e9thodologie a beaucoup de logique et de sens vu que\u00a0 l&rsquo;usinage et le forgeage des alliages de cuivre n\u00e9cessite une expertise unique. Ajoutons \u00e0 [&hellip;]","og_url":"https:\/\/finkelstein-metals.com\/fr\/machined-parts\/","og_site_name":"Finkelstein Metal","article_modified_time":"2016-07-07T10:42:33+00:00","og_image":[{"url":"http:\/\/finkelstein-metals.com\/\/wp-content\/uploads\/2015\/07\/image-widget1.png","type":"","width":"","height":""}],"twitter_card":"summary_large_image","twitter_misc":{"Dur\u00e9e de lecture estim\u00e9e":"1 minute"},"schema":{"@context":"https:\/\/schema.org","@graph":[{"@type":"WebPage","@id":"https:\/\/finkelstein-metals.com\/fr\/machined-parts\/","url":"https:\/\/finkelstein-metals.com\/fr\/machined-parts\/","name":"Pieces usinees - Finkelstein Metal","isPartOf":{"@id":"http:\/\/finkelstein-metals.com\/fr\/#website"},"primaryImageOfPage":{"@id":"https:\/\/finkelstein-metals.com\/fr\/machined-parts\/#primaryimage"},"image":{"@id":"https:\/\/finkelstein-metals.com\/fr\/machined-parts\/#primaryimage"},"thumbnailUrl":"http:\/\/finkelstein-metals.com\/\/wp-content\/uploads\/2015\/07\/image-widget1.png","datePublished":"2015-09-06T20:38:06+00:00","dateModified":"2016-07-07T10:42:33+00:00","breadcrumb":{"@id":"https:\/\/finkelstein-metals.com\/fr\/machined-parts\/#breadcrumb"},"inLanguage":"fr-FR","potentialAction":[{"@type":"ReadAction","target":["https:\/\/finkelstein-metals.com\/fr\/machined-parts\/"]}]},{"@type":"ImageObject","inLanguage":"fr-FR","@id":"https:\/\/finkelstein-metals.com\/fr\/machined-parts\/#primaryimage","url":"http:\/\/finkelstein-metals.com\/\/wp-content\/uploads\/2015\/07\/image-widget1.png","contentUrl":"http:\/\/finkelstein-metals.com\/\/wp-content\/uploads\/2015\/07\/image-widget1.png"},{"@type":"BreadcrumbList","@id":"https:\/\/finkelstein-metals.com\/fr\/machined-parts\/#breadcrumb","itemListElement":[{"@type":"ListItem","position":1,"name":"Home","item":"http:\/\/finkelstein-metals.com\/fr\/"},{"@type":"ListItem","position":2,"name":"Pieces usinees"}]},{"@type":"WebSite","@id":"http:\/\/finkelstein-metals.com\/fr\/#website","url":"http:\/\/finkelstein-metals.com\/fr\/","name":"Finkelstein Metal","description":"Just another WordPress site","potentialAction":[{"@type":"SearchAction","target":{"@type":"EntryPoint","urlTemplate":"http:\/\/finkelstein-metals.com\/fr\/?s={search_term_string}"},"query-input":{"@type":"PropertyValueSpecification","valueRequired":true,"valueName":"search_term_string"}}],"inLanguage":"fr-FR"}]}},"_links":{"self":[{"href":"http:\/\/finkelstein-metals.com\/fr\/wp-json\/wp\/v2\/pages\/5139","targetHints":{"allow":["GET"]}}],"collection":[{"href":"http:\/\/finkelstein-metals.com\/fr\/wp-json\/wp\/v2\/pages"}],"about":[{"href":"http:\/\/finkelstein-metals.com\/fr\/wp-json\/wp\/v2\/types\/page"}],"author":[{"embeddable":true,"href":"http:\/\/finkelstein-metals.com\/fr\/wp-json\/wp\/v2\/users\/3"}],"replies":[{"embeddable":true,"href":"http:\/\/finkelstein-metals.com\/fr\/wp-json\/wp\/v2\/comments?post=5139"}],"version-history":[{"count":0,"href":"http:\/\/finkelstein-metals.com\/fr\/wp-json\/wp\/v2\/pages\/5139\/revisions"}],"wp:attachment":[{"href":"http:\/\/finkelstein-metals.com\/fr\/wp-json\/wp\/v2\/media?parent=5139"}],"curies":[{"name":"wp","href":"https:\/\/api.w.org\/{rel}","templated":true}]}}