{"id":5141,"date":"2015-09-06T14:32:17","date_gmt":"2015-09-06T14:32:17","guid":{"rendered":"http:\/\/finkelstein-metals.com\/fr\/make-to-order\/"},"modified":"2016-07-07T10:36:25","modified_gmt":"2016-07-07T10:36:25","slug":"make-to-order","status":"publish","type":"page","link":"http:\/\/finkelstein-metals.com\/fr\/make-to-order\/","title":{"rendered":"Fait Sur Commande"},"content":{"rendered":"<h2 class=\"p1\"><span class=\"s1\"><b>Dimension<\/b><\/span><b> Sp\u00e9ciales<\/b><\/h2>\n<p class=\"p1\">Bien que vous puissiez trouver une tr\u00e8s large gamme de <span class=\"s1\">dimensions de barres<\/span>, et bien que nous offrions des dimensions m\u00e9triques et imp\u00e9riales, <span class=\"s1\">il se peut qu\u2019une dimension sp\u00e9cifique soit <\/span>n\u00e9cessaire. Nous pouvons vous aider. En tant qu\u2019usine de fabrication, les <span class=\"s1\">dimensions<\/span> non standard font partie de notre <span class=\"s1\">programme. Envoyez<\/span>-nous <span class=\"s1\">les mesures d\u00e9sir\u00e9es <\/span>et nous <span class=\"s1\">vous <\/span>remettrons notre offre <span class=\"s1\">sp\u00e9cialement \u00e9tudi\u00e9e pour vous selon vos besoins.<\/span><\/p>\n<p><a name=\"2\"><\/a><\/p>\n<h2><img decoding=\"async\" class=\"alignnone wp-image-2665 size-full\" src=\"http:\/\/finkelstein-metals.com\/\/wp-content\/uploads\/2015\/09\/all1.jpg\" alt=\"all1\" width=\"1178\" height=\"801\" srcset=\"http:\/\/finkelstein-metals.com\/wp-content\/uploads\/2015\/09\/all1.jpg 1178w, http:\/\/finkelstein-metals.com\/wp-content\/uploads\/2015\/09\/all1-600x408.jpg 600w, http:\/\/finkelstein-metals.com\/wp-content\/uploads\/2015\/09\/all1-300x204.jpg 300w, http:\/\/finkelstein-metals.com\/wp-content\/uploads\/2015\/09\/all1-1024x696.jpg 1024w\" sizes=\"(max-width: 1178px) 100vw, 1178px\" \/>\u00a0<a name=\"3\"><\/a><\/h2>\n<h2 class=\"p1\"><b>Alliages de Cuivre Sp\u00e9ciaux<\/b><\/h2>\n<p class=\"p1\">Vous trouverez<span class=\"Apple-converted-space\">\u00a0 <\/span>au sein de notre rang\u00e9e de produits une tr\u00e8s large gamme d\u2019alliages standards, faits selon une s\u00e9rie de normes internationales. <span class=\"s1\">Si une <\/span>exigence sp\u00e9cifique est <span class=\"s1\">n\u00e9cessaire &#8211; composition chimique ou<span class=\"Apple-converted-space\">\u00a0 <\/span>propri\u00e9t\u00e9s m\u00e9caniques- <\/span>laissez-nous vous aider \u00e0 relever le d\u00e9fi. Nous allons couler selon vos sp\u00e9cifications et contr\u00f4ler les r\u00e9sultats dans nos laboratoires bien \u00e9quip\u00e9s et former un <span class=\"s1\">produit non <\/span>standard <span class=\"s1\">sp\u00e9cialement <\/span>pour vous<span class=\"s1\">, produit que vous pourrez <\/span>commander de nouveau, <span class=\"s1\">s\u00fbrs <\/span>que vous obtiendrez les m\u00eames propri\u00e9t\u00e9s \u00e0 chaque fois.<\/p>\n<h2 class=\"p1\"><b>Profils Sp\u00e9ciaux<\/b><\/h2>\n<p class=\"p1\">Lorsque <span class=\"s1\">qu\u2019une<\/span> forme <span class=\"s1\">r\u00e9guli\u00e8re (barre pleine ou creuse Cercle\/Hexagonale\/ Rectangle) ne convient pas, <\/span>en g\u00e9n\u00e9ral pour les gros volumes de pi\u00e8ces usin\u00e9es <span class=\"s1\">de<\/span> forme sp\u00e9cifique<span class=\"s1\">, il sera peut \u00eatre n\u00e9cessaire de faire<\/span> un profil plus proche de la taille de la forme pour sauver le tournage, le temps de traitement et l\u2019\u00e9nergie. Nous avons beaucoup d&rsquo;exp\u00e9rience dans le moulage et l&rsquo;extrusion de profil sp\u00e9cial et nous serons heureux de vous assister.<span class=\"Apple-converted-space\">\u00a0 <\/span>Veuillez nous consulter si vous avez besoin d\u2019un profil sp\u00e9cial<\/p>\n<p>&nbsp;<\/p>\n<p>&nbsp;<\/p>\n<p>&nbsp;<\/p>\n<p>&nbsp;<\/p>\n","protected":false},"excerpt":{"rendered":"<p>Dimension Sp\u00e9ciales Bien que vous puissiez trouver une tr\u00e8s large gamme de dimensions de barres, et bien que nous offrions des dimensions m\u00e9triques et imp\u00e9riales, il se peut qu\u2019une dimension sp\u00e9cifique soit n\u00e9cessaire. Nous pouvons vous aider. En tant qu\u2019usine de fabrication, les dimensions non standard font partie de notre programme. Envoyez-nous les mesures d\u00e9sir\u00e9es [&hellip;]<\/p>\n","protected":false},"author":3,"featured_media":0,"parent":0,"menu_order":0,"comment_status":"closed","ping_status":"closed","template":"","meta":{"_acf_changed":false,"footnotes":""},"class_list":["post-5141","page","type-page","status-publish","hentry"],"acf":[],"yoast_head":"<!-- This site is optimized with the Yoast SEO plugin v27.2 - https:\/\/yoast.com\/product\/yoast-seo-wordpress\/ -->\n<title>Fait Sur Commande - Finkelstein Metal<\/title>\n<meta name=\"robots\" content=\"index, follow, max-snippet:-1, max-image-preview:large, max-video-preview:-1\" \/>\n<link rel=\"canonical\" href=\"http:\/\/finkelstein-metals.com\/fr\/make-to-order\/\" \/>\n<meta property=\"og:locale\" content=\"fr_FR\" \/>\n<meta property=\"og:type\" content=\"article\" \/>\n<meta property=\"og:title\" content=\"Fait Sur Commande - Finkelstein Metal\" \/>\n<meta property=\"og:description\" content=\"Dimension Sp\u00e9ciales Bien que vous puissiez trouver une tr\u00e8s large gamme de dimensions de barres, et bien que nous offrions des dimensions m\u00e9triques et imp\u00e9riales, il se peut qu\u2019une dimension sp\u00e9cifique soit n\u00e9cessaire. Nous pouvons vous aider. En tant qu\u2019usine de fabrication, les dimensions non standard font partie de notre programme. Envoyez-nous les mesures d\u00e9sir\u00e9es [&hellip;]\" \/>\n<meta property=\"og:url\" content=\"http:\/\/finkelstein-metals.com\/fr\/make-to-order\/\" \/>\n<meta property=\"og:site_name\" content=\"Finkelstein Metal\" \/>\n<meta property=\"article:modified_time\" content=\"2016-07-07T10:36:25+00:00\" \/>\n<meta property=\"og:image\" content=\"http:\/\/finkelstein-metals.com\/\/wp-content\/uploads\/2015\/09\/all1.jpg\" \/>\n<meta name=\"twitter:card\" content=\"summary_large_image\" \/>\n<meta name=\"twitter:label1\" content=\"Dur\u00e9e de lecture estim\u00e9e\" \/>\n\t<meta name=\"twitter:data1\" content=\"1 minute\" \/>\n<script type=\"application\/ld+json\" class=\"yoast-schema-graph\">{\"@context\":\"https:\/\/schema.org\",\"@graph\":[{\"@type\":\"WebPage\",\"@id\":\"http:\/\/finkelstein-metals.com\/fr\/make-to-order\/\",\"url\":\"http:\/\/finkelstein-metals.com\/fr\/make-to-order\/\",\"name\":\"Fait Sur Commande - Finkelstein Metal\",\"isPartOf\":{\"@id\":\"http:\/\/finkelstein-metals.com\/fr\/#website\"},\"primaryImageOfPage\":{\"@id\":\"http:\/\/finkelstein-metals.com\/fr\/make-to-order\/#primaryimage\"},\"image\":{\"@id\":\"http:\/\/finkelstein-metals.com\/fr\/make-to-order\/#primaryimage\"},\"thumbnailUrl\":\"http:\/\/finkelstein-metals.com\/\/wp-content\/uploads\/2015\/09\/all1.jpg\",\"datePublished\":\"2015-09-06T14:32:17+00:00\",\"dateModified\":\"2016-07-07T10:36:25+00:00\",\"breadcrumb\":{\"@id\":\"http:\/\/finkelstein-metals.com\/fr\/make-to-order\/#breadcrumb\"},\"inLanguage\":\"fr-FR\",\"potentialAction\":[{\"@type\":\"ReadAction\",\"target\":[\"http:\/\/finkelstein-metals.com\/fr\/make-to-order\/\"]}]},{\"@type\":\"ImageObject\",\"inLanguage\":\"fr-FR\",\"@id\":\"http:\/\/finkelstein-metals.com\/fr\/make-to-order\/#primaryimage\",\"url\":\"http:\/\/finkelstein-metals.com\/\/wp-content\/uploads\/2015\/09\/all1.jpg\",\"contentUrl\":\"http:\/\/finkelstein-metals.com\/\/wp-content\/uploads\/2015\/09\/all1.jpg\"},{\"@type\":\"BreadcrumbList\",\"@id\":\"http:\/\/finkelstein-metals.com\/fr\/make-to-order\/#breadcrumb\",\"itemListElement\":[{\"@type\":\"ListItem\",\"position\":1,\"name\":\"Home\",\"item\":\"http:\/\/finkelstein-metals.com\/fr\/\"},{\"@type\":\"ListItem\",\"position\":2,\"name\":\"Fait Sur Commande\"}]},{\"@type\":\"WebSite\",\"@id\":\"http:\/\/finkelstein-metals.com\/fr\/#website\",\"url\":\"http:\/\/finkelstein-metals.com\/fr\/\",\"name\":\"Finkelstein Metal\",\"description\":\"Just another WordPress site\",\"potentialAction\":[{\"@type\":\"SearchAction\",\"target\":{\"@type\":\"EntryPoint\",\"urlTemplate\":\"http:\/\/finkelstein-metals.com\/fr\/?s={search_term_string}\"},\"query-input\":{\"@type\":\"PropertyValueSpecification\",\"valueRequired\":true,\"valueName\":\"search_term_string\"}}],\"inLanguage\":\"fr-FR\"}]}<\/script>\n<!-- \/ Yoast SEO plugin. -->","yoast_head_json":{"title":"Fait Sur Commande - Finkelstein Metal","robots":{"index":"index","follow":"follow","max-snippet":"max-snippet:-1","max-image-preview":"max-image-preview:large","max-video-preview":"max-video-preview:-1"},"canonical":"http:\/\/finkelstein-metals.com\/fr\/make-to-order\/","og_locale":"fr_FR","og_type":"article","og_title":"Fait Sur Commande - Finkelstein Metal","og_description":"Dimension Sp\u00e9ciales Bien que vous puissiez trouver une tr\u00e8s large gamme de dimensions de barres, et bien que nous offrions des dimensions m\u00e9triques et imp\u00e9riales, il se peut qu\u2019une dimension sp\u00e9cifique soit n\u00e9cessaire. Nous pouvons vous aider. En tant qu\u2019usine de fabrication, les dimensions non standard font partie de notre programme. Envoyez-nous les mesures d\u00e9sir\u00e9es [&hellip;]","og_url":"http:\/\/finkelstein-metals.com\/fr\/make-to-order\/","og_site_name":"Finkelstein Metal","article_modified_time":"2016-07-07T10:36:25+00:00","og_image":[{"url":"http:\/\/finkelstein-metals.com\/\/wp-content\/uploads\/2015\/09\/all1.jpg","type":"","width":"","height":""}],"twitter_card":"summary_large_image","twitter_misc":{"Dur\u00e9e de lecture estim\u00e9e":"1 minute"},"schema":{"@context":"https:\/\/schema.org","@graph":[{"@type":"WebPage","@id":"http:\/\/finkelstein-metals.com\/fr\/make-to-order\/","url":"http:\/\/finkelstein-metals.com\/fr\/make-to-order\/","name":"Fait Sur Commande - Finkelstein Metal","isPartOf":{"@id":"http:\/\/finkelstein-metals.com\/fr\/#website"},"primaryImageOfPage":{"@id":"http:\/\/finkelstein-metals.com\/fr\/make-to-order\/#primaryimage"},"image":{"@id":"http:\/\/finkelstein-metals.com\/fr\/make-to-order\/#primaryimage"},"thumbnailUrl":"http:\/\/finkelstein-metals.com\/\/wp-content\/uploads\/2015\/09\/all1.jpg","datePublished":"2015-09-06T14:32:17+00:00","dateModified":"2016-07-07T10:36:25+00:00","breadcrumb":{"@id":"http:\/\/finkelstein-metals.com\/fr\/make-to-order\/#breadcrumb"},"inLanguage":"fr-FR","potentialAction":[{"@type":"ReadAction","target":["http:\/\/finkelstein-metals.com\/fr\/make-to-order\/"]}]},{"@type":"ImageObject","inLanguage":"fr-FR","@id":"http:\/\/finkelstein-metals.com\/fr\/make-to-order\/#primaryimage","url":"http:\/\/finkelstein-metals.com\/\/wp-content\/uploads\/2015\/09\/all1.jpg","contentUrl":"http:\/\/finkelstein-metals.com\/\/wp-content\/uploads\/2015\/09\/all1.jpg"},{"@type":"BreadcrumbList","@id":"http:\/\/finkelstein-metals.com\/fr\/make-to-order\/#breadcrumb","itemListElement":[{"@type":"ListItem","position":1,"name":"Home","item":"http:\/\/finkelstein-metals.com\/fr\/"},{"@type":"ListItem","position":2,"name":"Fait Sur Commande"}]},{"@type":"WebSite","@id":"http:\/\/finkelstein-metals.com\/fr\/#website","url":"http:\/\/finkelstein-metals.com\/fr\/","name":"Finkelstein Metal","description":"Just another WordPress site","potentialAction":[{"@type":"SearchAction","target":{"@type":"EntryPoint","urlTemplate":"http:\/\/finkelstein-metals.com\/fr\/?s={search_term_string}"},"query-input":{"@type":"PropertyValueSpecification","valueRequired":true,"valueName":"search_term_string"}}],"inLanguage":"fr-FR"}]}},"_links":{"self":[{"href":"http:\/\/finkelstein-metals.com\/fr\/wp-json\/wp\/v2\/pages\/5141","targetHints":{"allow":["GET"]}}],"collection":[{"href":"http:\/\/finkelstein-metals.com\/fr\/wp-json\/wp\/v2\/pages"}],"about":[{"href":"http:\/\/finkelstein-metals.com\/fr\/wp-json\/wp\/v2\/types\/page"}],"author":[{"embeddable":true,"href":"http:\/\/finkelstein-metals.com\/fr\/wp-json\/wp\/v2\/users\/3"}],"replies":[{"embeddable":true,"href":"http:\/\/finkelstein-metals.com\/fr\/wp-json\/wp\/v2\/comments?post=5141"}],"version-history":[{"count":0,"href":"http:\/\/finkelstein-metals.com\/fr\/wp-json\/wp\/v2\/pages\/5141\/revisions"}],"wp:attachment":[{"href":"http:\/\/finkelstein-metals.com\/fr\/wp-json\/wp\/v2\/media?parent=5141"}],"curies":[{"name":"wp","href":"https:\/\/api.w.org\/{rel}","templated":true}]}}