{"id":5154,"date":"2015-08-31T14:54:47","date_gmt":"2015-08-31T14:54:47","guid":{"rendered":"http:\/\/finkelstein-metals.com\/fr\/exhibitions\/"},"modified":"2016-07-06T13:34:31","modified_gmt":"2016-07-06T13:34:31","slug":"exhibitions","status":"publish","type":"page","link":"http:\/\/finkelstein-metals.com\/fr\/exhibitions\/","title":{"rendered":"Ressources"},"content":{"rendered":"<h2><\/h2>\n<h2 class=\"p1\"><b>Exhibitions<\/b><\/h2>\n<p><strong>Midest 2015<\/strong><\/p>\n<p><a href=\"http:\/\/finkelstein-metals.com\/\/wp-content\/uploads\/2015\/08\/MIC_5609-small-1024x682.jpg\"><img decoding=\"async\" class=\"alignnone wp-image-4868 size-large\" src=\"http:\/\/finkelstein-metals.com\/\/wp-content\/uploads\/2015\/08\/MIC_5609-small-1024x682.jpg\" alt=\"MIC_5609 small\" width=\"1024\" height=\"682\" srcset=\"http:\/\/finkelstein-metals.com\/wp-content\/uploads\/2015\/08\/MIC_5609-small-1024x682.jpg 1024w, http:\/\/finkelstein-metals.com\/wp-content\/uploads\/2015\/08\/MIC_5609-small-600x399.jpg 600w, http:\/\/finkelstein-metals.com\/wp-content\/uploads\/2015\/08\/MIC_5609-small-300x200.jpg 300w, http:\/\/finkelstein-metals.com\/wp-content\/uploads\/2015\/08\/MIC_5609-small.jpg 1277w\" sizes=\"(max-width: 1024px) 100vw, 1024px\" \/><\/a><br \/>\n<a name=\"2\"><\/a><\/p>\n<hr \/>\n<p>&nbsp;<\/p>\n<h2 class=\"p1\"><span class=\"s1\">\u00a0<\/span>Liens Utiles<\/h2>\n<p class=\"style26\" style=\"text-align: left;\" align=\"center\"><a href=\"http:\/\/www.copper.org\/%22%20%5Ct%20%22_blank\"><b><br \/>\n<\/b><span class=\"s1\"><b>L\u2019Association pour le D<\/b><\/span><span class=\"s2\"><b>\u00e9<\/b><\/span><span class=\"s1\"><b>veloppement du Cuivre<\/b><\/span><\/a><\/p>\n<p class=\"p2\">L\u2019Association pour le D<span class=\"s3\">\u00e9<\/span>veloppement du Cuivre (The Copper Development Association Inc.) est la branche de l\u2019Industrie du Cuivre qui s\u2019occupe du d\u00e9veloppement du march\u00e9 des services, d&rsquo;ing\u00e9nierie et d&rsquo;information, affr\u00e9t\u00e9e pour am\u00e9liorer et \u00e9largir les march\u00e9s <span class=\"s3\">du <\/span>cuivre et de ses alliages en Am\u00e9rique du Nord.<\/p>\n<p class=\"p1\"><a href=\"http:\/\/www.astm.org\/\"><b>Normalisation <\/b><span class=\"s1\"><b>ASTM <\/b><\/span><\/a><\/p>\n<p class=\"p2\">Plus de 12.000 normes ASTM <span class=\"s3\">sont fix\u00e9es <\/span>au niveau mondial. Nous fixons et d\u00e9finissons nos normes qui am\u00e9liorent la vie de millions de personnes chaque jour. Combin\u00e9es avec nos services innovants aux entreprises, ces normes am\u00e9liorent la performance et entrainent la confiance du public dans les produits qu&rsquo;ils ach\u00e8tent et utilisent.<\/p>\n<p><a name=\"3\"><\/a><\/p>\n<p class=\"p1\"><a href=\"http:\/\/www.lme.com\/\"><b>Prix des M\u00e9taux <\/b><span class=\"s1\"><b>-LME-London Metal Exchange<\/b><\/span><\/a><\/p>\n<p class=\"p2\">Le London Metal Exchange est le centre mondial pour le commerce des m\u00e9taux industriels. Les prix d\u00e9couverts sur nos trois plateformes de n\u00e9gociation sont utilis\u00e9s comme prix de r\u00e9f\u00e9rence mondiale et les deux communaut\u00e9s de m\u00e9taux et d&rsquo;investissement utilisent la LME pour transf\u00e9rer ou prendre des risques, 24 heures par jour.<\/p>\n<p class=\"p1\"><a href=\"http:\/\/www.metalprices.com\/\"><b>Prix des M\u00e9taux &#8211; COMEX<\/b><\/a><\/p>\n<p class=\"p2\">MetalPrices.com, <span class=\"s3\">est<\/span> un service de renseignements sur le march\u00e9 de premier plan pour l&rsquo;industrie des m\u00e9taux internationaux, offre aux entreprises, aux organismes gouvernementaux et aux particuliers <span class=\"s3\">l<\/span>es prix des mati\u00e8res premi\u00e8res <span class=\"s3\">de fa\u00e7on fiable et pr\u00e9cise .<\/span><\/p>\n<hr \/>\n<p>&nbsp;<\/p>\n<h2 class=\"p1\"><strong>Nouvelles<\/strong><\/h2>\n<p class=\"p1\"><b>FINKELSTEIN METALS a \u00e9t\u00e9 audit\u00e9 et enregistr\u00e9 comme \u00e9tant conforme aux exigences de la Norme <\/b><span class=\"s1\"><b>AS9100<\/b><\/span><\/p>\n<p class=\"p1\">Le syst\u00e8me de gestion de la qualit\u00e9 de Finkelstein-M\u00e9taux a \u00e9t\u00e9 certifi\u00e9 conforme \u00e0 la norme ISO 9001: 2008 \/ AS9100C. Le syst\u00e8me de qualit\u00e9 de FINKELSTEIN METALS Ltd a \u00e9t\u00e9 audit\u00e9 et enregistr\u00e9 en conformit\u00e9 avec les exigences de AS9104 \/ 1 Rev. 2012-01. La certification est applicable pour la production et la vente de produits d&rsquo;alliages de cuivre dans tous les emplacements de la Soci\u00e9t\u00e9.<\/p>\n<p class=\"p1\">Ms Eitan Finkelstein, PDG de FINKELSTEIN METALS a d\u00e9clar\u00e9 que \u00ab\u00a0Chez FINKELSTEIN METALS, nous sommes fiers d\u2019avoir atteint la r\u00e9alisation de la certification AS9100C. La certification AS9100 refl\u00e8te notre engagement \u00e0 respecter et <span class=\"s1\">m\u00eame parfois <\/span>\u00e0 d\u00e9passer les exigences et les attentes <span class=\"s1\">pour les <\/span>applications les plus difficiles concernant les produits connexes de l&rsquo;industrie de l&rsquo;a\u00e9rospatiale et de l&rsquo;a\u00e9ronautique. La certification AS9100 permet \u00e0 nos clients d&rsquo;utiliser nos produits de laiton, bronze, bronze d&rsquo;aluminium et Bronze de Phosphore en barres et en lingots dans des industries telles que l&rsquo;a\u00e9rospatiale, l&rsquo;aviation et la d\u00e9fense afin de poursuivre notre essor et continuer <span class=\"s1\">\u00e0 assurer <\/span>la croissance de nos industries ensembl<span class=\"s1\">e.<\/span><\/p>\n<p class=\"p1\">FINKELSTEIN METALS est un important fabricant mondial de coul\u00e9e continue et d\u2019alliages de cuivre extrud\u00e9s. FINKELSTEIN METALS est sp\u00e9cialis\u00e9 dans la production, la vente et la livraison de produits finis et semi-finis de bronze, laiton et Cupro Aluminum dans un large \u00e9ventail de formes et de tailles. La soci\u00e9t\u00e9 est pleinement engag\u00e9e envers ses clients dans le monde. <span class=\"s1\">Son but est de <\/span>continuer \u00e0 fournir des produits de haute qualit\u00e9 et des services professionnels.<\/p>\n<p class=\"p1\">Finkelstein <span class=\"s1\">construit actuellement <\/span>une nouvelle usine de production qui permettra d&rsquo;\u00e9largir consid\u00e9rablement sa capacit\u00e9 de production, et comprendra des installations ultramodernes de la technique de production, de grands entrep\u00f4ts automatis\u00e9s et des bureaux de service \u00e0 la client\u00e8le, le tout g\u00e9r\u00e9 par un syst\u00e8me d&rsquo;ERP.<\/p>\n<p class=\"p1\"><b>Nouveau! La Certification AS9100 Certification pour Finkelstein-M\u00e9taux<\/b><\/p>\n<p><a href=\"http:\/\/finkelstein-metals.com\/wp-content\/uploads\/2015\/08\/AS9100.jpg\"><img decoding=\"async\" class=\"alignnone wp-image-4551 size-full\" src=\"http:\/\/finkelstein-metals.com\/wp-content\/uploads\/2015\/08\/AS9100.jpg\" alt=\"AS9100\" width=\"829\" height=\"572\" \/><\/a><\/p>\n<p class=\"p1\"><b>Nous \u00e9largissons et b\u00e2tissons une nouvelle usine<\/b><\/p>\n<p class=\"p2\">La nouvelle usine est dans sa phase de construction finale juste \u00e0 la veille de l\u2019arriv\u00e9e de la meilleure des technologies de coul\u00e9e. Cette nouvelle installation permettra d&rsquo;obtenir un \u00e9ventail d\u2019alliages, de tailles et de formes encore plus vaste et vari\u00e9, conformes aux normes de qualit\u00e9 les plus \u00e9lev\u00e9es et avec une grande valeur pour nos clients.<\/p>\n<h4><\/h4>\n<p><a href=\"http:\/\/finkelstein-metals.com\/\/wp-content\/uploads\/2015\/08\/opening.jpg\"><img decoding=\"async\" class=\"alignnone wp-image-3406 size-full\" src=\"http:\/\/finkelstein-metals.com\/\/wp-content\/uploads\/2015\/08\/opening.jpg\" alt=\"opening\" width=\"2000\" height=\"909\" srcset=\"http:\/\/finkelstein-metals.com\/wp-content\/uploads\/2015\/08\/opening.jpg 2000w, http:\/\/finkelstein-metals.com\/wp-content\/uploads\/2015\/08\/opening-600x273.jpg 600w, http:\/\/finkelstein-metals.com\/wp-content\/uploads\/2015\/08\/opening-300x136.jpg 300w, http:\/\/finkelstein-metals.com\/wp-content\/uploads\/2015\/08\/opening-1024x465.jpg 1024w\" sizes=\"(max-width: 2000px) 100vw, 2000px\" \/><\/a><\/p>\n<h4><\/h4>\n<p class=\"p1\"><b>Les principaux points importants de la nouvelle installation:<\/b><\/p>\n<p class=\"p1\">\u2022 Situ\u00e9e \u00e0 20 minutes de la mer de Galil\u00e9e<br \/>\n\u2022 Lignes d\u2019extrusion et de coul\u00e9e continues sous la <span class=\"s1\">m\u00eame <\/span>enseigne<br \/>\n\u2022 Une capacit\u00e9 de production de plus de 50M lbs \/ an; 25 000 tonnes \/ an<br \/>\n\u2022 Grand stock en dimensions m\u00e9triques et imp\u00e9riales<br \/>\n\u2022 Notre nouvelle presse va produire des barres creuses extrud\u00e9es<br \/>\n\u2022 De nouveaux alliages de cuivre et d&rsquo;autres produits.<\/p>\n<p class=\"p1\"><b>Ouverture 2016\u00a0<\/b><\/p>\n","protected":false},"excerpt":{"rendered":"<p>Exhibitions Midest 2015 &nbsp; \u00a0Liens Utiles L\u2019Association pour le D\u00e9veloppement du Cuivre L\u2019Association pour le D\u00e9veloppement du Cuivre (The Copper Development Association Inc.) est la branche de l\u2019Industrie du Cuivre qui s\u2019occupe du d\u00e9veloppement du march\u00e9 des services, d&rsquo;ing\u00e9nierie et d&rsquo;information, affr\u00e9t\u00e9e pour am\u00e9liorer et \u00e9largir les march\u00e9s du cuivre et de ses alliages en [&hellip;]<\/p>\n","protected":false},"author":3,"featured_media":0,"parent":0,"menu_order":0,"comment_status":"open","ping_status":"open","template":"","meta":{"_acf_changed":false,"footnotes":""},"class_list":["post-5154","page","type-page","status-publish","hentry"],"acf":[],"yoast_head":"<!-- This site is optimized with the Yoast SEO plugin v27.2 - https:\/\/yoast.com\/product\/yoast-seo-wordpress\/ -->\n<title>Ressources - Finkelstein Metal<\/title>\n<meta name=\"robots\" content=\"index, follow, max-snippet:-1, max-image-preview:large, max-video-preview:-1\" \/>\n<link rel=\"canonical\" href=\"http:\/\/finkelstein-metals.com\/fr\/exhibitions\/\" \/>\n<meta property=\"og:locale\" content=\"fr_FR\" \/>\n<meta property=\"og:type\" content=\"article\" \/>\n<meta property=\"og:title\" content=\"Ressources - Finkelstein Metal\" \/>\n<meta property=\"og:description\" content=\"Exhibitions Midest 2015 &nbsp; \u00a0Liens Utiles L\u2019Association pour le D\u00e9veloppement du Cuivre L\u2019Association pour le D\u00e9veloppement du Cuivre (The Copper Development Association Inc.) est la branche de l\u2019Industrie du Cuivre qui s\u2019occupe du d\u00e9veloppement du march\u00e9 des services, d&rsquo;ing\u00e9nierie et d&rsquo;information, affr\u00e9t\u00e9e pour am\u00e9liorer et \u00e9largir les march\u00e9s du cuivre et de ses alliages en [&hellip;]\" \/>\n<meta property=\"og:url\" content=\"http:\/\/finkelstein-metals.com\/fr\/exhibitions\/\" \/>\n<meta property=\"og:site_name\" content=\"Finkelstein Metal\" \/>\n<meta property=\"article:modified_time\" content=\"2016-07-06T13:34:31+00:00\" \/>\n<meta property=\"og:image\" content=\"http:\/\/finkelstein-metals.com\/\/wp-content\/uploads\/2015\/08\/MIC_5609-small-1024x682.jpg\" \/>\n<meta name=\"twitter:card\" content=\"summary_large_image\" \/>\n<meta name=\"twitter:label1\" content=\"Dur\u00e9e de lecture estim\u00e9e\" \/>\n\t<meta name=\"twitter:data1\" content=\"4 minutes\" \/>\n<script type=\"application\/ld+json\" class=\"yoast-schema-graph\">{\"@context\":\"https:\/\/schema.org\",\"@graph\":[{\"@type\":\"WebPage\",\"@id\":\"http:\/\/finkelstein-metals.com\/fr\/exhibitions\/\",\"url\":\"http:\/\/finkelstein-metals.com\/fr\/exhibitions\/\",\"name\":\"Ressources - Finkelstein Metal\",\"isPartOf\":{\"@id\":\"https:\/\/finkelstein-metals.com\/fr\/#website\"},\"primaryImageOfPage\":{\"@id\":\"http:\/\/finkelstein-metals.com\/fr\/exhibitions\/#primaryimage\"},\"image\":{\"@id\":\"http:\/\/finkelstein-metals.com\/fr\/exhibitions\/#primaryimage\"},\"thumbnailUrl\":\"http:\/\/finkelstein-metals.com\/\/wp-content\/uploads\/2015\/08\/MIC_5609-small-1024x682.jpg\",\"datePublished\":\"2015-08-31T14:54:47+00:00\",\"dateModified\":\"2016-07-06T13:34:31+00:00\",\"breadcrumb\":{\"@id\":\"http:\/\/finkelstein-metals.com\/fr\/exhibitions\/#breadcrumb\"},\"inLanguage\":\"fr-FR\",\"potentialAction\":[{\"@type\":\"ReadAction\",\"target\":[\"http:\/\/finkelstein-metals.com\/fr\/exhibitions\/\"]}]},{\"@type\":\"ImageObject\",\"inLanguage\":\"fr-FR\",\"@id\":\"http:\/\/finkelstein-metals.com\/fr\/exhibitions\/#primaryimage\",\"url\":\"http:\/\/finkelstein-metals.com\/\/wp-content\/uploads\/2015\/08\/MIC_5609-small-1024x682.jpg\",\"contentUrl\":\"http:\/\/finkelstein-metals.com\/\/wp-content\/uploads\/2015\/08\/MIC_5609-small-1024x682.jpg\"},{\"@type\":\"BreadcrumbList\",\"@id\":\"http:\/\/finkelstein-metals.com\/fr\/exhibitions\/#breadcrumb\",\"itemListElement\":[{\"@type\":\"ListItem\",\"position\":1,\"name\":\"Home\",\"item\":\"https:\/\/finkelstein-metals.com\/fr\/\"},{\"@type\":\"ListItem\",\"position\":2,\"name\":\"Ressources\"}]},{\"@type\":\"WebSite\",\"@id\":\"https:\/\/finkelstein-metals.com\/fr\/#website\",\"url\":\"https:\/\/finkelstein-metals.com\/fr\/\",\"name\":\"Finkelstein Metal\",\"description\":\"Just another WordPress site\",\"potentialAction\":[{\"@type\":\"SearchAction\",\"target\":{\"@type\":\"EntryPoint\",\"urlTemplate\":\"https:\/\/finkelstein-metals.com\/fr\/?s={search_term_string}\"},\"query-input\":{\"@type\":\"PropertyValueSpecification\",\"valueRequired\":true,\"valueName\":\"search_term_string\"}}],\"inLanguage\":\"fr-FR\"}]}<\/script>\n<!-- \/ Yoast SEO plugin. -->","yoast_head_json":{"title":"Ressources - Finkelstein Metal","robots":{"index":"index","follow":"follow","max-snippet":"max-snippet:-1","max-image-preview":"max-image-preview:large","max-video-preview":"max-video-preview:-1"},"canonical":"http:\/\/finkelstein-metals.com\/fr\/exhibitions\/","og_locale":"fr_FR","og_type":"article","og_title":"Ressources - Finkelstein Metal","og_description":"Exhibitions Midest 2015 &nbsp; \u00a0Liens Utiles L\u2019Association pour le D\u00e9veloppement du Cuivre L\u2019Association pour le D\u00e9veloppement du Cuivre (The Copper Development Association Inc.) est la branche de l\u2019Industrie du Cuivre qui s\u2019occupe du d\u00e9veloppement du march\u00e9 des services, d&rsquo;ing\u00e9nierie et d&rsquo;information, affr\u00e9t\u00e9e pour am\u00e9liorer et \u00e9largir les march\u00e9s du cuivre et de ses alliages en [&hellip;]","og_url":"http:\/\/finkelstein-metals.com\/fr\/exhibitions\/","og_site_name":"Finkelstein Metal","article_modified_time":"2016-07-06T13:34:31+00:00","og_image":[{"url":"http:\/\/finkelstein-metals.com\/\/wp-content\/uploads\/2015\/08\/MIC_5609-small-1024x682.jpg","type":"","width":"","height":""}],"twitter_card":"summary_large_image","twitter_misc":{"Dur\u00e9e de lecture estim\u00e9e":"4 minutes"},"schema":{"@context":"https:\/\/schema.org","@graph":[{"@type":"WebPage","@id":"http:\/\/finkelstein-metals.com\/fr\/exhibitions\/","url":"http:\/\/finkelstein-metals.com\/fr\/exhibitions\/","name":"Ressources - Finkelstein Metal","isPartOf":{"@id":"https:\/\/finkelstein-metals.com\/fr\/#website"},"primaryImageOfPage":{"@id":"http:\/\/finkelstein-metals.com\/fr\/exhibitions\/#primaryimage"},"image":{"@id":"http:\/\/finkelstein-metals.com\/fr\/exhibitions\/#primaryimage"},"thumbnailUrl":"http:\/\/finkelstein-metals.com\/\/wp-content\/uploads\/2015\/08\/MIC_5609-small-1024x682.jpg","datePublished":"2015-08-31T14:54:47+00:00","dateModified":"2016-07-06T13:34:31+00:00","breadcrumb":{"@id":"http:\/\/finkelstein-metals.com\/fr\/exhibitions\/#breadcrumb"},"inLanguage":"fr-FR","potentialAction":[{"@type":"ReadAction","target":["http:\/\/finkelstein-metals.com\/fr\/exhibitions\/"]}]},{"@type":"ImageObject","inLanguage":"fr-FR","@id":"http:\/\/finkelstein-metals.com\/fr\/exhibitions\/#primaryimage","url":"http:\/\/finkelstein-metals.com\/\/wp-content\/uploads\/2015\/08\/MIC_5609-small-1024x682.jpg","contentUrl":"http:\/\/finkelstein-metals.com\/\/wp-content\/uploads\/2015\/08\/MIC_5609-small-1024x682.jpg"},{"@type":"BreadcrumbList","@id":"http:\/\/finkelstein-metals.com\/fr\/exhibitions\/#breadcrumb","itemListElement":[{"@type":"ListItem","position":1,"name":"Home","item":"https:\/\/finkelstein-metals.com\/fr\/"},{"@type":"ListItem","position":2,"name":"Ressources"}]},{"@type":"WebSite","@id":"https:\/\/finkelstein-metals.com\/fr\/#website","url":"https:\/\/finkelstein-metals.com\/fr\/","name":"Finkelstein Metal","description":"Just another WordPress site","potentialAction":[{"@type":"SearchAction","target":{"@type":"EntryPoint","urlTemplate":"https:\/\/finkelstein-metals.com\/fr\/?s={search_term_string}"},"query-input":{"@type":"PropertyValueSpecification","valueRequired":true,"valueName":"search_term_string"}}],"inLanguage":"fr-FR"}]}},"_links":{"self":[{"href":"http:\/\/finkelstein-metals.com\/fr\/wp-json\/wp\/v2\/pages\/5154","targetHints":{"allow":["GET"]}}],"collection":[{"href":"http:\/\/finkelstein-metals.com\/fr\/wp-json\/wp\/v2\/pages"}],"about":[{"href":"http:\/\/finkelstein-metals.com\/fr\/wp-json\/wp\/v2\/types\/page"}],"author":[{"embeddable":true,"href":"http:\/\/finkelstein-metals.com\/fr\/wp-json\/wp\/v2\/users\/3"}],"replies":[{"embeddable":true,"href":"http:\/\/finkelstein-metals.com\/fr\/wp-json\/wp\/v2\/comments?post=5154"}],"version-history":[{"count":0,"href":"http:\/\/finkelstein-metals.com\/fr\/wp-json\/wp\/v2\/pages\/5154\/revisions"}],"wp:attachment":[{"href":"http:\/\/finkelstein-metals.com\/fr\/wp-json\/wp\/v2\/media?parent=5154"}],"curies":[{"name":"wp","href":"https:\/\/api.w.org\/{rel}","templated":true}]}}