{"id":5194,"date":"2015-08-16T09:01:39","date_gmt":"2015-08-16T09:01:39","guid":{"rendered":"http:\/\/finkelstein-metals.com\/fr\/about-us\/quality-assurance\/"},"modified":"2016-11-07T13:27:45","modified_gmt":"2016-11-07T13:27:45","slug":"quality-assurance","status":"publish","type":"page","link":"http:\/\/finkelstein-metals.com\/fr\/about-us\/quality-assurance\/","title":{"rendered":"QUALITE"},"content":{"rendered":"<p><img decoding=\"async\" class=\"alignleft wp-image-3604 size-medium\" src=\"http:\/\/finkelstein-metals.com\/\/wp-content\/uploads\/2015\/08\/ELI_6577final-21-300x215.jpg\" alt=\"\" width=\"300\" height=\"215\" srcset=\"http:\/\/finkelstein-metals.com\/wp-content\/uploads\/2015\/08\/ELI_6577final-21-300x215.jpg 300w, http:\/\/finkelstein-metals.com\/wp-content\/uploads\/2015\/08\/ELI_6577final-21-600x430.jpg 600w, http:\/\/finkelstein-metals.com\/wp-content\/uploads\/2015\/08\/ELI_6577final-21.jpg 716w\" sizes=\"(max-width: 300px) 100vw, 300px\" \/><\/p>\n<p class=\"p1\">FINKELSTEIN METALS est synonyme de produits et services de haute qualit\u00e9, et l&rsquo;accent est mis sur l&rsquo;assurance qualit\u00e9 et le contr\u00f4le de la qualit\u00e9 dans chaque \u00e9tape de la production.<\/p>\n<p class=\"p1\">Tous les syst\u00e8mes et les processus de production sont conformes \u00e0 la norme ISO 9001: 2008 et ont \u00e9t\u00e9 approuv\u00e9s par l&rsquo;Institut de normalisation d&rsquo;Isra\u00ebl. La soci\u00e9t\u00e9 est \u00e9galement en passe d\u2019obtenir la certification AS9100<\/p>\n<p class=\"p2\">Les \u00e9quipes de Finkelstein hautement qualifi\u00e9es et exp\u00e9riment\u00e9es se concentrent sur la production pour assurer une excellente qualit\u00e9.<\/p>\n<p>&nbsp;<\/p>\n<p class=\"p1\"><strong>Les laboratoires Finkelstein d\u2019Assurance de Qualit\u00e9 sont \u00e9quip\u00e9s d&rsquo;outils et d\u2019\u00e9quipement d&rsquo;assurance qualit\u00e9 perfectionn\u00e9s, y compris:<\/strong><\/p>\n<ul>\n<li class=\"p1\">Des spectrom\u00e8tres modernes:<\/li>\n<\/ul>\n<p style=\"padding-left: 30px;\">&#8211; des appareils con\u00e7us pour<span class=\"Apple-converted-space\">\u00a0 <\/span>identifier la composition chimique de chaque alliage<br \/>\n<span class=\"s1\">&#8211; des appareils con\u00e7us pour <\/span>la v\u00e9rification des caract\u00e9ristiques m\u00e9caniques des alliages<br \/>\n<span class=\"s1\">&#8211; des appareils <\/span>capables de contr\u00f4ler plus de 20 \u00e9l\u00e9ments<br \/>\n<span class=\"s1\">&#8211; des appareils<\/span> pr\u00e9cis et exacts<\/p>\n<ul>\n<li>Des syst\u00e8mes d&rsquo;Assurance Qualit\u00e9 informatis\u00e9s.<\/li>\n<\/ul>\n<p>&nbsp;<\/p>\n<ul>\n<li class=\"p1\"><b>Notre Usine effectue des tests d&rsquo;assurance qualit\u00e9 <\/b><span class=\"s1\"><b>r\u00e9guliers<\/b><\/span><b>, comprenant:<\/b><\/li>\n<\/ul>\n<p style=\"padding-left: 30px;\"><span class=\"s2\">&#8211;\u00a0<\/span>Inspections des liquides p\u00e9n\u00e9trants<br \/>\n<span class=\"s2\">&#8211;\u00a0<\/span>Tests de d\u00e9zingage<br \/>\n<span class=\"s2\">&#8211;\u00a0<\/span>Tests de vapeur d&rsquo;ammoniaque<br \/>\n<span class=\"Apple-converted-space\">&#8211; <\/span>examens m\u00e9tallographiques<br \/>\n<span class=\"s4\"><span class=\"Apple-converted-space\">&#8211;\u00a0\u00a0<\/span>Instruments <\/span>\u00e0 ultrasons pour d\u00e9tecter et pr\u00e9venir les d\u00e9fauts internes<\/p>\n<p class=\"p1\">Un certificat d&rsquo;analyse (COA) est attach\u00e9 \u00e0 chaque lot de produits envoy\u00e9s aux clients<span class=\"s1\">.<\/span><\/p>\n<p><img decoding=\"async\" class=\"wp-image-3600 size-medium alignleft\" src=\"http:\/\/finkelstein-metals.com\/\/wp-content\/uploads\/2015\/08\/ELI_6577final-2-300x215.jpg\" alt=\"\" width=\"300\" height=\"215\" srcset=\"http:\/\/finkelstein-metals.com\/wp-content\/uploads\/2015\/08\/ELI_6577final-2-300x215.jpg 300w, http:\/\/finkelstein-metals.com\/wp-content\/uploads\/2015\/08\/ELI_6577final-2-600x430.jpg 600w, http:\/\/finkelstein-metals.com\/wp-content\/uploads\/2015\/08\/ELI_6577final-2.jpg 717w\" sizes=\"(max-width: 300px) 100vw, 300px\" \/><\/p>\n<p><a name=\"2\"><\/a><\/p>\n<p class=\"p1\"><span class=\"s1\"><b>L\u2019Assurance Qualit\u00e9<span class=\"Apple-converted-space\">\u00a0 <\/span>ne cesse pas apr\u00e8s la production<\/b><\/span>. Pour assurer que les commandes atteignent nos clients en excellent \u00e9tat, tous les produits sont emball\u00e9s et transport\u00e9s avec soin &#8211; pour emp\u00eacher la p\u00e9n\u00e9tration de l&rsquo;humidit\u00e9 pendant le transport et pr\u00e9venir tout autre dommage possible.<\/p>\n<p class=\"p1\">Les machines de l&rsquo;usine et les syst\u00e8mes de production, de technologie et de contr\u00f4le sont tous conformes aux exigences des normes suivantes:<\/p>\n<p>ISO \u2022 AS9100 \u2022 EN \u2022 BS \u2022 DIN \u2022 UNI \u2022 ASTM \u2022 SAE \u2022 AMS \u2022 ASME \u2022 QQB \u2022 QQC\u00a0\u00a0\u2022 RoHS<span class=\"s1\">.<\/span><\/p>\n<hr \/>\n<h2 class=\"p4\"><\/h2>\n<h2><strong>Certifications<\/strong><\/h2>\n<p><strong>ISO9001:2008<\/strong><\/p>\n<p class=\"p1\">Les syst\u00e8mes de gestion de l&rsquo;assurance qualit\u00e9 de FINKELSTEIN METALS sont bien reconnus et certifi\u00e9s par des experts d&rsquo;assurance de la qualit\u00e9 et respectueux des normes de<span class=\"Apple-converted-space\">\u00a0 <\/span>ISO9001: 2008. Ci-dessous vous trouverez une copie de nos <span class=\"s1\">certificats<\/span><span class=\"s2\">.<\/span><\/p>\n<p><span style=\"text-decoration: underline;\"><a href=\"http:\/\/finkelstein-metals.com\/wp-content\/uploads\/2016\/10\/ISO-IQNET11.pdf\">ISO9001 CERTIFICATION FINKELSTEIN METALS LTD.<\/a><\/span><\/p>\n<p><strong>AS9100<\/strong><\/p>\n<p class=\"p1\">FINKELSTEIN METALS est certifi\u00e9 AS9100, une norme qui est largement adopt\u00e9e pour le syst\u00e8me de gestion de la qualit\u00e9 de l&rsquo;industrie a\u00e9rospatiale<span class=\"s1\">.<\/span><\/p>\n<p><span style=\"text-decoration: underline;\"><a href=\"http:\/\/finkelstein-metals.com\/\/wp-content\/uploads\/2015\/11\/AS9100-Finkelstein-Metals-Ltd.pdf\">AS9100 Finkelstein Metals Ltd<\/a><\/span><\/p>\n<p><!-- InstanceBeginEditable name=\"doctitle\" --> <strong>DFARS<\/strong><\/p>\n<p class=\"p1\">L\u2019usine de FINKELSTEIN METALS est \u00e9tablie en Isra\u00ebl, qui est consid\u00e9r\u00e9 comme un pays qualifi\u00e9 (voir DFARS <a href=\"http:\/\/www.acq.osd.mil\/dpap\/dars\/dfars\/html\/current\/225_8.htm#225.872-1\">DFARS 225.872-1<\/a>).<\/p>\n<div id=\"maincontainer\"><span style=\"text-decoration: underline;\">\u00a0<a title=\"Israel 2008 Annex IV\" href=\"http:\/\/www.acq.osd.mil\/dpap\/Docs\/mou-isreal2008AnnexIV.pdf\">Israel 2008 Annex IV <\/a><\/span><\/div>\n<div id=\"maincontainer\"><\/div>\n<p class=\"p1\"><b>Confirmation de DRC statut Libre de Conflits<\/b><\/p>\n<p class=\"p2\">La compagnie<span class=\"Apple-converted-space\">\u00a0 <\/span>a certifi\u00e9 qu&rsquo;elle ne vend pas de minerais de conflit<span class=\"s1\">.<\/span><\/p>\n<p><strong>REACH<\/strong><\/p>\n<p class=\"p1\">FINKELSTEIN METALS a certifi\u00e9 \u00eatre conforme au <a href=\"http:\/\/eur-lex.europa.eu\/legal-content\/EN\/TXT\/?uri=CELEX:32006R1907&amp;locale=en\">r\u00e8glement (CE) n \u00b0 1907\/2006<\/a> du Parlement europ\u00e9en et du Conseil du 18 D\u00e9cembre 2006 concernant l&rsquo;enregistrement, l&rsquo;\u00e9valuation, l&rsquo;autorisation et les restrictions des substances chimiques<span class=\"s1\"><br \/>\n<\/span><\/p>\n<p><span style=\"text-decoration: underline;\"><a href=\"http:\/\/finkelstein-metals.com\/\/wp-content\/uploads\/2015\/09\/REACH.pdf\" target=\"_blank\">REACH Decleration<\/a><\/span><br \/>\n<a name=\"3\"><\/a><br \/>\n<strong>ROHS<\/strong><\/p>\n<p class=\"p1\">FINKELSTEIN METALS certifie \u00eatre conforme \u00e0 \u00ab\u00a0La limitation de la Directive des substances dangereuses\u00a0\u00bb<\/p>\n<p class=\"p2\"><a href=\"http:\/\/finkelstein-metals.com\/wp-content\/uploads\/2015\/09\/ROHS.pdf\"><span class=\"s1\">Conformit\u00e9 ROHS<\/span><\/a><\/p>\n<hr \/>\n<p>&nbsp;<\/p>\n<h2 class=\"p1\"><b>Normes<\/b><\/h2>\n<p class=\"p1\">Lorsqu\u2019il vous faut un alliage \u00e0 une norme <span class=\"s1\">sp\u00e9cifique, soyez<span class=\"Apple-converted-space\">\u00a0 <\/span><\/span>s\u00fbrs que les syst\u00e8mes de machines et de production, de technologie et de contr\u00f4le de notre usine sont tout \u00e0 fait conformes aux exigences des normes suivantes<span class=\"s2\">:<\/span><\/p>\n<p>ISO \u2022 AS9100 \u2022 ASTM \u2022 EN \u2022 BS \u2022 DIN \u2022 UNI \u2022 SAE \u2022 AMS \u2022 ASME \u2022 QQB \u2022 QQC<\/p>\n<p class=\"p1\">Nous avons une vaste connaissance <span class=\"s1\">et nous <\/span>comprenons parfaitement les diff\u00e9rentes exigences des normes<span class=\"s2\">.<\/span> <span class=\"s1\">Notre exp\u00e9rience nous permet de <\/span>vous conseiller en ce qui concerne la diff\u00e9rence entre les alliages fabriqu\u00e9s selon des normes diff\u00e9rentes. Parfois, ces changements sont d\u00e9licats et mineurs et dans d&rsquo;autres cas peuvent \u00eatre cruciaux pour votre application.<\/p>\n<p class=\"p2\">Au cours de nos longues ann\u00e9es de productions<span class=\"Apple-converted-space\">\u00a0 <\/span>nous avons acquis beaucoup d&rsquo;exp\u00e9rience pratique<span class=\"Apple-converted-space\">\u00a0 <\/span>dans la production r\u00e9elle des alliages qui r\u00e9pond \u00e0 toutes les normes internationales mentionn\u00e9es ci-dessus.<\/p>\n","protected":false},"excerpt":{"rendered":"<p>FINKELSTEIN METALS est synonyme de produits et services de haute qualit\u00e9, et l&rsquo;accent est mis sur l&rsquo;assurance qualit\u00e9 et le contr\u00f4le de la qualit\u00e9 dans chaque \u00e9tape de la production. Tous les syst\u00e8mes et les processus de production sont conformes \u00e0 la norme ISO 9001: 2008 et ont \u00e9t\u00e9 approuv\u00e9s par l&rsquo;Institut de normalisation d&rsquo;Isra\u00ebl. [&hellip;]<\/p>\n","protected":false},"author":1,"featured_media":0,"parent":617,"menu_order":0,"comment_status":"open","ping_status":"open","template":"","meta":{"_acf_changed":false,"footnotes":""},"class_list":["post-5194","page","type-page","status-publish","hentry"],"acf":[],"yoast_head":"<!-- This site is optimized with the Yoast SEO plugin v27.2 - https:\/\/yoast.com\/product\/yoast-seo-wordpress\/ -->\n<title>QUALITE - Finkelstein Metal<\/title>\n<meta name=\"robots\" content=\"index, follow, max-snippet:-1, max-image-preview:large, max-video-preview:-1\" \/>\n<link rel=\"canonical\" href=\"http:\/\/finkelstein-metals.com\/fr\/about-us\/quality-assurance\/\" \/>\n<meta property=\"og:locale\" content=\"fr_FR\" \/>\n<meta property=\"og:type\" content=\"article\" \/>\n<meta property=\"og:title\" content=\"QUALITE - Finkelstein Metal\" \/>\n<meta property=\"og:description\" content=\"FINKELSTEIN METALS est synonyme de produits et services de haute qualit\u00e9, et l&rsquo;accent est mis sur l&rsquo;assurance qualit\u00e9 et le contr\u00f4le de la qualit\u00e9 dans chaque \u00e9tape de la production. Tous les syst\u00e8mes et les processus de production sont conformes \u00e0 la norme ISO 9001: 2008 et ont \u00e9t\u00e9 approuv\u00e9s par l&rsquo;Institut de normalisation d&rsquo;Isra\u00ebl. [&hellip;]\" \/>\n<meta property=\"og:url\" content=\"http:\/\/finkelstein-metals.com\/fr\/about-us\/quality-assurance\/\" \/>\n<meta property=\"og:site_name\" content=\"Finkelstein Metal\" \/>\n<meta property=\"article:modified_time\" content=\"2016-11-07T13:27:45+00:00\" \/>\n<meta property=\"og:image\" content=\"http:\/\/finkelstein-metals.com\/\/wp-content\/uploads\/2015\/08\/ELI_6577final-21-300x215.jpg\" \/>\n<meta name=\"twitter:card\" content=\"summary_large_image\" \/>\n<meta name=\"twitter:label1\" content=\"Dur\u00e9e de lecture estim\u00e9e\" \/>\n\t<meta name=\"twitter:data1\" content=\"3 minutes\" \/>\n<script type=\"application\/ld+json\" class=\"yoast-schema-graph\">{\"@context\":\"https:\/\/schema.org\",\"@graph\":[{\"@type\":\"WebPage\",\"@id\":\"http:\/\/finkelstein-metals.com\/fr\/about-us\/quality-assurance\/\",\"url\":\"http:\/\/finkelstein-metals.com\/fr\/about-us\/quality-assurance\/\",\"name\":\"QUALITE - Finkelstein Metal\",\"isPartOf\":{\"@id\":\"https:\/\/finkelstein-metals.com\/fr\/#website\"},\"primaryImageOfPage\":{\"@id\":\"http:\/\/finkelstein-metals.com\/fr\/about-us\/quality-assurance\/#primaryimage\"},\"image\":{\"@id\":\"http:\/\/finkelstein-metals.com\/fr\/about-us\/quality-assurance\/#primaryimage\"},\"thumbnailUrl\":\"http:\/\/finkelstein-metals.com\/\/wp-content\/uploads\/2015\/08\/ELI_6577final-21-300x215.jpg\",\"datePublished\":\"2015-08-16T09:01:39+00:00\",\"dateModified\":\"2016-11-07T13:27:45+00:00\",\"breadcrumb\":{\"@id\":\"http:\/\/finkelstein-metals.com\/fr\/about-us\/quality-assurance\/#breadcrumb\"},\"inLanguage\":\"fr-FR\",\"potentialAction\":[{\"@type\":\"ReadAction\",\"target\":[\"http:\/\/finkelstein-metals.com\/fr\/about-us\/quality-assurance\/\"]}]},{\"@type\":\"ImageObject\",\"inLanguage\":\"fr-FR\",\"@id\":\"http:\/\/finkelstein-metals.com\/fr\/about-us\/quality-assurance\/#primaryimage\",\"url\":\"http:\/\/finkelstein-metals.com\/\/wp-content\/uploads\/2015\/08\/ELI_6577final-21-300x215.jpg\",\"contentUrl\":\"http:\/\/finkelstein-metals.com\/\/wp-content\/uploads\/2015\/08\/ELI_6577final-21-300x215.jpg\"},{\"@type\":\"BreadcrumbList\",\"@id\":\"http:\/\/finkelstein-metals.com\/fr\/about-us\/quality-assurance\/#breadcrumb\",\"itemListElement\":[{\"@type\":\"ListItem\",\"position\":1,\"name\":\"Home\",\"item\":\"https:\/\/finkelstein-metals.com\/fr\/\"},{\"@type\":\"ListItem\",\"position\":2,\"name\":\"A PROPOS DE NOUS\",\"item\":\"http:\/\/finkelstein-metals.com\/fr\/about-us\/\"},{\"@type\":\"ListItem\",\"position\":3,\"name\":\"QUALITE\"}]},{\"@type\":\"WebSite\",\"@id\":\"https:\/\/finkelstein-metals.com\/fr\/#website\",\"url\":\"https:\/\/finkelstein-metals.com\/fr\/\",\"name\":\"Finkelstein Metal\",\"description\":\"Just another WordPress site\",\"potentialAction\":[{\"@type\":\"SearchAction\",\"target\":{\"@type\":\"EntryPoint\",\"urlTemplate\":\"https:\/\/finkelstein-metals.com\/fr\/?s={search_term_string}\"},\"query-input\":{\"@type\":\"PropertyValueSpecification\",\"valueRequired\":true,\"valueName\":\"search_term_string\"}}],\"inLanguage\":\"fr-FR\"}]}<\/script>\n<!-- \/ Yoast SEO plugin. -->","yoast_head_json":{"title":"QUALITE - Finkelstein Metal","robots":{"index":"index","follow":"follow","max-snippet":"max-snippet:-1","max-image-preview":"max-image-preview:large","max-video-preview":"max-video-preview:-1"},"canonical":"http:\/\/finkelstein-metals.com\/fr\/about-us\/quality-assurance\/","og_locale":"fr_FR","og_type":"article","og_title":"QUALITE - Finkelstein Metal","og_description":"FINKELSTEIN METALS est synonyme de produits et services de haute qualit\u00e9, et l&rsquo;accent est mis sur l&rsquo;assurance qualit\u00e9 et le contr\u00f4le de la qualit\u00e9 dans chaque \u00e9tape de la production. Tous les syst\u00e8mes et les processus de production sont conformes \u00e0 la norme ISO 9001: 2008 et ont \u00e9t\u00e9 approuv\u00e9s par l&rsquo;Institut de normalisation d&rsquo;Isra\u00ebl. [&hellip;]","og_url":"http:\/\/finkelstein-metals.com\/fr\/about-us\/quality-assurance\/","og_site_name":"Finkelstein Metal","article_modified_time":"2016-11-07T13:27:45+00:00","og_image":[{"url":"http:\/\/finkelstein-metals.com\/\/wp-content\/uploads\/2015\/08\/ELI_6577final-21-300x215.jpg","type":"","width":"","height":""}],"twitter_card":"summary_large_image","twitter_misc":{"Dur\u00e9e de lecture estim\u00e9e":"3 minutes"},"schema":{"@context":"https:\/\/schema.org","@graph":[{"@type":"WebPage","@id":"http:\/\/finkelstein-metals.com\/fr\/about-us\/quality-assurance\/","url":"http:\/\/finkelstein-metals.com\/fr\/about-us\/quality-assurance\/","name":"QUALITE - Finkelstein Metal","isPartOf":{"@id":"https:\/\/finkelstein-metals.com\/fr\/#website"},"primaryImageOfPage":{"@id":"http:\/\/finkelstein-metals.com\/fr\/about-us\/quality-assurance\/#primaryimage"},"image":{"@id":"http:\/\/finkelstein-metals.com\/fr\/about-us\/quality-assurance\/#primaryimage"},"thumbnailUrl":"http:\/\/finkelstein-metals.com\/\/wp-content\/uploads\/2015\/08\/ELI_6577final-21-300x215.jpg","datePublished":"2015-08-16T09:01:39+00:00","dateModified":"2016-11-07T13:27:45+00:00","breadcrumb":{"@id":"http:\/\/finkelstein-metals.com\/fr\/about-us\/quality-assurance\/#breadcrumb"},"inLanguage":"fr-FR","potentialAction":[{"@type":"ReadAction","target":["http:\/\/finkelstein-metals.com\/fr\/about-us\/quality-assurance\/"]}]},{"@type":"ImageObject","inLanguage":"fr-FR","@id":"http:\/\/finkelstein-metals.com\/fr\/about-us\/quality-assurance\/#primaryimage","url":"http:\/\/finkelstein-metals.com\/\/wp-content\/uploads\/2015\/08\/ELI_6577final-21-300x215.jpg","contentUrl":"http:\/\/finkelstein-metals.com\/\/wp-content\/uploads\/2015\/08\/ELI_6577final-21-300x215.jpg"},{"@type":"BreadcrumbList","@id":"http:\/\/finkelstein-metals.com\/fr\/about-us\/quality-assurance\/#breadcrumb","itemListElement":[{"@type":"ListItem","position":1,"name":"Home","item":"https:\/\/finkelstein-metals.com\/fr\/"},{"@type":"ListItem","position":2,"name":"A PROPOS DE NOUS","item":"http:\/\/finkelstein-metals.com\/fr\/about-us\/"},{"@type":"ListItem","position":3,"name":"QUALITE"}]},{"@type":"WebSite","@id":"https:\/\/finkelstein-metals.com\/fr\/#website","url":"https:\/\/finkelstein-metals.com\/fr\/","name":"Finkelstein Metal","description":"Just another WordPress site","potentialAction":[{"@type":"SearchAction","target":{"@type":"EntryPoint","urlTemplate":"https:\/\/finkelstein-metals.com\/fr\/?s={search_term_string}"},"query-input":{"@type":"PropertyValueSpecification","valueRequired":true,"valueName":"search_term_string"}}],"inLanguage":"fr-FR"}]}},"_links":{"self":[{"href":"http:\/\/finkelstein-metals.com\/fr\/wp-json\/wp\/v2\/pages\/5194","targetHints":{"allow":["GET"]}}],"collection":[{"href":"http:\/\/finkelstein-metals.com\/fr\/wp-json\/wp\/v2\/pages"}],"about":[{"href":"http:\/\/finkelstein-metals.com\/fr\/wp-json\/wp\/v2\/types\/page"}],"author":[{"embeddable":true,"href":"http:\/\/finkelstein-metals.com\/fr\/wp-json\/wp\/v2\/users\/1"}],"replies":[{"embeddable":true,"href":"http:\/\/finkelstein-metals.com\/fr\/wp-json\/wp\/v2\/comments?post=5194"}],"version-history":[{"count":0,"href":"http:\/\/finkelstein-metals.com\/fr\/wp-json\/wp\/v2\/pages\/5194\/revisions"}],"up":[{"embeddable":true,"href":"http:\/\/finkelstein-metals.com\/fr\/wp-json\/wp\/v2\/pages\/617"}],"wp:attachment":[{"href":"http:\/\/finkelstein-metals.com\/fr\/wp-json\/wp\/v2\/media?parent=5194"}],"curies":[{"name":"wp","href":"https:\/\/api.w.org\/{rel}","templated":true}]}}