{"id":617,"date":"2015-07-14T11:24:43","date_gmt":"2015-07-14T11:24:43","guid":{"rendered":"http:\/\/finkelstein-metals.com\/fr\/about-us\/"},"modified":"2016-07-06T10:59:44","modified_gmt":"2016-07-06T10:59:44","slug":"about-us","status":"publish","type":"page","link":"http:\/\/finkelstein-metals.com\/fr\/about-us\/","title":{"rendered":"A PROPOS DE NOUS"},"content":{"rendered":"<h2><b>Enonc<\/b><span class=\"s1\"><b>\u00e9<\/b><\/span><b> de Notre Mission<\/b><\/h2>\n<p class=\"p2\">Les produits de <span class=\"s2\">notre<\/span> soci\u00e9t\u00e9 sont utilis\u00e9s par un grand nombre d&rsquo;industries \u00e0 travers le monde <span class=\"s2\">dans de nombreux domaines<\/span><span class=\"s3\">\u00a0<\/span><span class=\"s2\">:<\/span> l\u2019eau, l&rsquo;\u00e9nergie, la d\u00e9fense, le p\u00e9trole et le gaz, l&rsquo;a\u00e9rospatiale, la marine et l\u2019industrie navale<span class=\"s4\">,<\/span> <span class=\"s2\">l&rsquo;automobile et l&rsquo;ing<\/span>\u00e9nierie g\u00e9n\u00e9rale. Fond\u00e9e il y a plus de 75 ans, FINKELSTEIN METALS est un leader mondial dans la fabrication de coul\u00e9e continue et d\u2019alliages de cuivre extrud\u00e9s. FINKELSTEIN METALS se sp\u00e9cialise dans la production, la vente et la livraison de produits semi-finis en bronze, laiton et<span class=\"Apple-converted-space\">\u00a0 <\/span>en Cupro Aluminum dans un large \u00e9ventail de formes et de tailles.<\/p>\n<p class=\"p2\"><a href=\"http:\/\/finkelstein-metals.com\/wp-content\/uploads\/2015\/07\/ELI_5981final-e1446153235281.jpg\"><img decoding=\"async\" class=\"alignnone wp-image-4294 size-full\" src=\"http:\/\/finkelstein-metals.com\/wp-content\/uploads\/2015\/07\/ELI_5981final-e1446153235281.jpg\" alt=\"\" width=\"2466\" height=\"1171\" srcset=\"http:\/\/finkelstein-metals.com\/wp-content\/uploads\/2015\/07\/ELI_5981final-e1446153235281.jpg 2466w, http:\/\/finkelstein-metals.com\/wp-content\/uploads\/2015\/07\/ELI_5981final-e1446153235281-600x285.jpg 600w, http:\/\/finkelstein-metals.com\/wp-content\/uploads\/2015\/07\/ELI_5981final-e1446153235281-300x142.jpg 300w, http:\/\/finkelstein-metals.com\/wp-content\/uploads\/2015\/07\/ELI_5981final-e1446153235281-1024x486.jpg 1024w\" sizes=\"(max-width: 2466px) 100vw, 2466px\" \/><\/a><\/p>\n<p class=\"p1\">La qualit\u00e9 est une priorit\u00e9 absolue, <span class=\"s1\">c\u2019est<span class=\"Apple-converted-space\">\u00a0 <\/span><\/span>pourquoi FINKELSTEIN METALS investit continuellement dans le contr\u00f4le<span class=\"s1\"> de la <\/span>qualit\u00e9. Tous les produits fabriqu\u00e9s \u00e0 l&rsquo;usine de Finkelstein sont soumis \u00e0 des proc\u00e9dures <span class=\"s1\">de contr\u00f4les de qualit\u00e9 stricts<\/span>, et sont produits en conformit\u00e9 avec les normes requises. Le laboratoire d&rsquo;assurance qualit\u00e9 est \u00e9quip\u00e9 d&rsquo;outils et d&rsquo;instruments d\u2019inspect<span class=\"s1\">ion les <\/span>plus modernes.<\/p>\n<p class=\"p1\">La soci\u00e9t\u00e9 <span class=\"s1\">s\u2019engage <\/span>envers ses clients dans le monde et vise \u00e0 continuer de fournir des produits de haute qualit\u00e9 et des services professionnels. Finkelstein est <span class=\"s1\">en train de<span class=\"Apple-converted-space\">\u00a0 <\/span><\/span>construire une nouvelle usine de production qui permettra d&rsquo;\u00e9largir consid\u00e9rablement sa capacit\u00e9 de production, et comprendra des installations de production de pointe, de grands entrep\u00f4ts automatis\u00e9s, des bureaux de soutien<span class=\"Apple-converted-space\">\u00a0 <\/span>de production et de logistique qui mettront en \u0153uvre un syst\u00e8me ERP sophistiqu\u00e9<span class=\"s2\">.<\/span><\/p>\n<h2><\/h2>\n<p>&nbsp;<\/p>\n<h2><\/h2>\n<h2><b>FINKELSTEIN METALS \u2013 Une Qualit\u00e9 excellente \u00e0 tr\u00e8s grand rendement<\/b><b><\/b><br \/>\n<a name=\"2\"><\/a><\/h2>\n<p class=\"p1\">L&rsquo;entreprise met tout en \u0153uvre pour continuer \u00e0 satisfaire et d\u00e9passer les r\u00e9glementations environnementales et met en \u0153uvre les derni\u00e8res m\u00e9thodes de pr\u00e9vention de la pollution. Finkelstein met l&rsquo;accent sur la s\u00e9curit\u00e9 des employ\u00e9s, en particulier <span class=\"s1\">sur la chaine <\/span>de production, et des mesures de s\u00e9curit\u00e9 strictes sont prises \u00e0 tout moment. L&rsquo;entreprise est fi\u00e8re d&#8217;employer 80 professionnels talentueux et tr\u00e8s <span class=\"s1\">engag\u00e9s\u00a0: ing\u00e9nieurs en mat\u00e9riaux et en m\u00e9canique, \u00e9quipe d\u2019Assurance Qualit\u00e9, \u00e9quipes de soutien et de ventes, personnel de marketing et bien s\u00fbr, travailleurs de production hautement qualifi\u00e9s<\/span><span class=\"s2\">.<\/span><\/p>\n<p class=\"p2\"><img decoding=\"async\" class=\"wp-image-2818 size-full alignnone\" src=\"http:\/\/finkelstein-metals.com\/wp-content\/uploads\/2015\/07\/cam12.jpg\" alt=\"cam(1)\" width=\"4000\" height=\"1818\" \/><\/p>\n","protected":false},"excerpt":{"rendered":"<p>Enonc\u00e9 de Notre Mission Les produits de notre soci\u00e9t\u00e9 sont utilis\u00e9s par un grand nombre d&rsquo;industries \u00e0 travers le monde dans de nombreux domaines\u00a0: l\u2019eau, l&rsquo;\u00e9nergie, la d\u00e9fense, le p\u00e9trole et le gaz, l&rsquo;a\u00e9rospatiale, la marine et l\u2019industrie navale, l&rsquo;automobile et l&rsquo;ing\u00e9nierie g\u00e9n\u00e9rale. Fond\u00e9e il y a plus de 75 ans, FINKELSTEIN METALS est un [&hellip;]<\/p>\n","protected":false},"author":1,"featured_media":0,"parent":0,"menu_order":0,"comment_status":"open","ping_status":"open","template":"template-aboutus.php","meta":{"_acf_changed":false,"footnotes":""},"class_list":["post-617","page","type-page","status-publish","hentry"],"acf":[],"yoast_head":"<!-- This site is optimized with the Yoast SEO plugin v27.2 - https:\/\/yoast.com\/product\/yoast-seo-wordpress\/ -->\n<title>A PROPOS DE NOUS - Finkelstein Metal<\/title>\n<meta name=\"robots\" content=\"index, follow, max-snippet:-1, max-image-preview:large, max-video-preview:-1\" \/>\n<link rel=\"canonical\" href=\"http:\/\/finkelstein-metals.com\/fr\/about-us\/\" \/>\n<meta property=\"og:locale\" content=\"fr_FR\" \/>\n<meta property=\"og:type\" content=\"article\" \/>\n<meta property=\"og:title\" content=\"A PROPOS DE NOUS - Finkelstein Metal\" \/>\n<meta property=\"og:description\" content=\"Enonc\u00e9 de Notre Mission Les produits de notre soci\u00e9t\u00e9 sont utilis\u00e9s par un grand nombre d&rsquo;industries \u00e0 travers le monde dans de nombreux domaines\u00a0: l\u2019eau, l&rsquo;\u00e9nergie, la d\u00e9fense, le p\u00e9trole et le gaz, l&rsquo;a\u00e9rospatiale, la marine et l\u2019industrie navale, l&rsquo;automobile et l&rsquo;ing\u00e9nierie g\u00e9n\u00e9rale. Fond\u00e9e il y a plus de 75 ans, FINKELSTEIN METALS est un [&hellip;]\" \/>\n<meta property=\"og:url\" content=\"http:\/\/finkelstein-metals.com\/fr\/about-us\/\" \/>\n<meta property=\"og:site_name\" content=\"Finkelstein Metal\" \/>\n<meta property=\"article:modified_time\" content=\"2016-07-06T10:59:44+00:00\" \/>\n<meta property=\"og:image\" content=\"http:\/\/finkelstein-metals.com\/wp-content\/uploads\/2015\/07\/ELI_5981final-e1446153235281.jpg\" \/>\n<meta name=\"twitter:card\" content=\"summary_large_image\" \/>\n<meta name=\"twitter:label1\" content=\"Dur\u00e9e de lecture estim\u00e9e\" \/>\n\t<meta name=\"twitter:data1\" content=\"2 minutes\" \/>\n<script type=\"application\/ld+json\" class=\"yoast-schema-graph\">{\"@context\":\"https:\/\/schema.org\",\"@graph\":[{\"@type\":\"WebPage\",\"@id\":\"http:\/\/finkelstein-metals.com\/fr\/about-us\/\",\"url\":\"http:\/\/finkelstein-metals.com\/fr\/about-us\/\",\"name\":\"A PROPOS DE NOUS - Finkelstein Metal\",\"isPartOf\":{\"@id\":\"https:\/\/finkelstein-metals.com\/fr\/#website\"},\"primaryImageOfPage\":{\"@id\":\"http:\/\/finkelstein-metals.com\/fr\/about-us\/#primaryimage\"},\"image\":{\"@id\":\"http:\/\/finkelstein-metals.com\/fr\/about-us\/#primaryimage\"},\"thumbnailUrl\":\"http:\/\/finkelstein-metals.com\/wp-content\/uploads\/2015\/07\/ELI_5981final-e1446153235281.jpg\",\"datePublished\":\"2015-07-14T11:24:43+00:00\",\"dateModified\":\"2016-07-06T10:59:44+00:00\",\"breadcrumb\":{\"@id\":\"http:\/\/finkelstein-metals.com\/fr\/about-us\/#breadcrumb\"},\"inLanguage\":\"fr-FR\",\"potentialAction\":[{\"@type\":\"ReadAction\",\"target\":[\"http:\/\/finkelstein-metals.com\/fr\/about-us\/\"]}]},{\"@type\":\"ImageObject\",\"inLanguage\":\"fr-FR\",\"@id\":\"http:\/\/finkelstein-metals.com\/fr\/about-us\/#primaryimage\",\"url\":\"http:\/\/finkelstein-metals.com\/wp-content\/uploads\/2015\/07\/ELI_5981final-e1446153235281.jpg\",\"contentUrl\":\"http:\/\/finkelstein-metals.com\/wp-content\/uploads\/2015\/07\/ELI_5981final-e1446153235281.jpg\"},{\"@type\":\"BreadcrumbList\",\"@id\":\"http:\/\/finkelstein-metals.com\/fr\/about-us\/#breadcrumb\",\"itemListElement\":[{\"@type\":\"ListItem\",\"position\":1,\"name\":\"Home\",\"item\":\"https:\/\/finkelstein-metals.com\/fr\/\"},{\"@type\":\"ListItem\",\"position\":2,\"name\":\"A PROPOS DE NOUS\"}]},{\"@type\":\"WebSite\",\"@id\":\"https:\/\/finkelstein-metals.com\/fr\/#website\",\"url\":\"https:\/\/finkelstein-metals.com\/fr\/\",\"name\":\"Finkelstein Metal\",\"description\":\"Just another WordPress site\",\"potentialAction\":[{\"@type\":\"SearchAction\",\"target\":{\"@type\":\"EntryPoint\",\"urlTemplate\":\"https:\/\/finkelstein-metals.com\/fr\/?s={search_term_string}\"},\"query-input\":{\"@type\":\"PropertyValueSpecification\",\"valueRequired\":true,\"valueName\":\"search_term_string\"}}],\"inLanguage\":\"fr-FR\"}]}<\/script>\n<!-- \/ Yoast SEO plugin. -->","yoast_head_json":{"title":"A PROPOS DE NOUS - Finkelstein Metal","robots":{"index":"index","follow":"follow","max-snippet":"max-snippet:-1","max-image-preview":"max-image-preview:large","max-video-preview":"max-video-preview:-1"},"canonical":"http:\/\/finkelstein-metals.com\/fr\/about-us\/","og_locale":"fr_FR","og_type":"article","og_title":"A PROPOS DE NOUS - Finkelstein Metal","og_description":"Enonc\u00e9 de Notre Mission Les produits de notre soci\u00e9t\u00e9 sont utilis\u00e9s par un grand nombre d&rsquo;industries \u00e0 travers le monde dans de nombreux domaines\u00a0: l\u2019eau, l&rsquo;\u00e9nergie, la d\u00e9fense, le p\u00e9trole et le gaz, l&rsquo;a\u00e9rospatiale, la marine et l\u2019industrie navale, l&rsquo;automobile et l&rsquo;ing\u00e9nierie g\u00e9n\u00e9rale. Fond\u00e9e il y a plus de 75 ans, FINKELSTEIN METALS est un [&hellip;]","og_url":"http:\/\/finkelstein-metals.com\/fr\/about-us\/","og_site_name":"Finkelstein Metal","article_modified_time":"2016-07-06T10:59:44+00:00","og_image":[{"url":"http:\/\/finkelstein-metals.com\/wp-content\/uploads\/2015\/07\/ELI_5981final-e1446153235281.jpg","type":"","width":"","height":""}],"twitter_card":"summary_large_image","twitter_misc":{"Dur\u00e9e de lecture estim\u00e9e":"2 minutes"},"schema":{"@context":"https:\/\/schema.org","@graph":[{"@type":"WebPage","@id":"http:\/\/finkelstein-metals.com\/fr\/about-us\/","url":"http:\/\/finkelstein-metals.com\/fr\/about-us\/","name":"A PROPOS DE NOUS - Finkelstein Metal","isPartOf":{"@id":"https:\/\/finkelstein-metals.com\/fr\/#website"},"primaryImageOfPage":{"@id":"http:\/\/finkelstein-metals.com\/fr\/about-us\/#primaryimage"},"image":{"@id":"http:\/\/finkelstein-metals.com\/fr\/about-us\/#primaryimage"},"thumbnailUrl":"http:\/\/finkelstein-metals.com\/wp-content\/uploads\/2015\/07\/ELI_5981final-e1446153235281.jpg","datePublished":"2015-07-14T11:24:43+00:00","dateModified":"2016-07-06T10:59:44+00:00","breadcrumb":{"@id":"http:\/\/finkelstein-metals.com\/fr\/about-us\/#breadcrumb"},"inLanguage":"fr-FR","potentialAction":[{"@type":"ReadAction","target":["http:\/\/finkelstein-metals.com\/fr\/about-us\/"]}]},{"@type":"ImageObject","inLanguage":"fr-FR","@id":"http:\/\/finkelstein-metals.com\/fr\/about-us\/#primaryimage","url":"http:\/\/finkelstein-metals.com\/wp-content\/uploads\/2015\/07\/ELI_5981final-e1446153235281.jpg","contentUrl":"http:\/\/finkelstein-metals.com\/wp-content\/uploads\/2015\/07\/ELI_5981final-e1446153235281.jpg"},{"@type":"BreadcrumbList","@id":"http:\/\/finkelstein-metals.com\/fr\/about-us\/#breadcrumb","itemListElement":[{"@type":"ListItem","position":1,"name":"Home","item":"https:\/\/finkelstein-metals.com\/fr\/"},{"@type":"ListItem","position":2,"name":"A PROPOS DE NOUS"}]},{"@type":"WebSite","@id":"https:\/\/finkelstein-metals.com\/fr\/#website","url":"https:\/\/finkelstein-metals.com\/fr\/","name":"Finkelstein Metal","description":"Just another WordPress site","potentialAction":[{"@type":"SearchAction","target":{"@type":"EntryPoint","urlTemplate":"https:\/\/finkelstein-metals.com\/fr\/?s={search_term_string}"},"query-input":{"@type":"PropertyValueSpecification","valueRequired":true,"valueName":"search_term_string"}}],"inLanguage":"fr-FR"}]}},"_links":{"self":[{"href":"http:\/\/finkelstein-metals.com\/fr\/wp-json\/wp\/v2\/pages\/617","targetHints":{"allow":["GET"]}}],"collection":[{"href":"http:\/\/finkelstein-metals.com\/fr\/wp-json\/wp\/v2\/pages"}],"about":[{"href":"http:\/\/finkelstein-metals.com\/fr\/wp-json\/wp\/v2\/types\/page"}],"author":[{"embeddable":true,"href":"http:\/\/finkelstein-metals.com\/fr\/wp-json\/wp\/v2\/users\/1"}],"replies":[{"embeddable":true,"href":"http:\/\/finkelstein-metals.com\/fr\/wp-json\/wp\/v2\/comments?post=617"}],"version-history":[{"count":0,"href":"http:\/\/finkelstein-metals.com\/fr\/wp-json\/wp\/v2\/pages\/617\/revisions"}],"wp:attachment":[{"href":"http:\/\/finkelstein-metals.com\/fr\/wp-json\/wp\/v2\/media?parent=617"}],"curies":[{"name":"wp","href":"https:\/\/api.w.org\/{rel}","templated":true}]}}