{"id":623,"date":"2015-07-14T11:27:03","date_gmt":"2015-07-14T11:27:03","guid":{"rendered":"http:\/\/finkelstein-metals.com\/fr\/technologies\/"},"modified":"2016-08-14T10:11:27","modified_gmt":"2016-08-14T10:11:27","slug":"technologies","status":"publish","type":"page","link":"http:\/\/finkelstein-metals.com\/fr\/technologies\/","title":{"rendered":"Technologies"},"content":{"rendered":"<h2 class=\"p1\"><strong>La coul\u00e9e continue<\/strong><\/h2>\n<p class=\"p1\"><span class=\"s1\">Dans ce proc\u00e9d\u00e9, le m\u00e9tal fondu est vers\u00e9 \u00e0 travers un moule de graphite. L&rsquo;extr\u00e9mit\u00e9 oppos\u00e9e du moule contient un dispositif de refroidissement. Les rouleaux attracteurs tirent la tige solidifi\u00e9e du moule <\/span><span class=\"s2\">de fa\u00e7on continue <\/span><span class=\"s1\">et passent \u00e0 travers un refroidissement suppl\u00e9mentaire et finalement par une coupe en croix. Les propri\u00e9t\u00e9s m\u00e9caniques am\u00e9lior\u00e9es des pi\u00e8ces produites par coul\u00e9e continue et son faible co\u00fbt de fonctionnement pour les <\/span><span class=\"s2\">quantit\u00e9s importantes<\/span><span class=\"s1\">, rendent cette m\u00e9thode tr\u00e8s \u00e9conomique<\/span><span class=\"s3\">.<\/span><\/p>\n<p>&nbsp;<\/p>\n<p><img decoding=\"async\" class=\"alignnone wp-image-5360 size-full\" src=\"http:\/\/finkelstein-metals.com\/\/wp-content\/uploads\/2015\/07\/horizental.jpg\" width=\"771\" height=\"480\" srcset=\"http:\/\/finkelstein-metals.com\/wp-content\/uploads\/2015\/07\/horizental.jpg 771w, http:\/\/finkelstein-metals.com\/wp-content\/uploads\/2015\/07\/horizental-600x374.jpg 600w, http:\/\/finkelstein-metals.com\/wp-content\/uploads\/2015\/07\/horizental-300x187.jpg 300w, http:\/\/finkelstein-metals.com\/wp-content\/uploads\/2015\/07\/horizental-768x478.jpg 768w\" sizes=\"(max-width: 771px) 100vw, 771px\" \/><\/p>\n<hr \/>\n<p>&nbsp;<\/p>\n<p><img decoding=\"async\" class=\"alignnone wp-image-5364 size-full\" src=\"http:\/\/finkelstein-metals.com\/\/wp-content\/uploads\/2015\/07\/vertical.jpg\" width=\"771\" height=\"770\" srcset=\"http:\/\/finkelstein-metals.com\/wp-content\/uploads\/2015\/07\/vertical.jpg 771w, http:\/\/finkelstein-metals.com\/wp-content\/uploads\/2015\/07\/vertical-300x300.jpg 300w, http:\/\/finkelstein-metals.com\/wp-content\/uploads\/2015\/07\/vertical-100x100.jpg 100w, http:\/\/finkelstein-metals.com\/wp-content\/uploads\/2015\/07\/vertical-600x600.jpg 600w, http:\/\/finkelstein-metals.com\/wp-content\/uploads\/2015\/07\/vertical-150x150.jpg 150w, http:\/\/finkelstein-metals.com\/wp-content\/uploads\/2015\/07\/vertical-768x767.jpg 768w, http:\/\/finkelstein-metals.com\/wp-content\/uploads\/2015\/07\/vertical-180x180.jpg 180w\" sizes=\"(max-width: 771px) 100vw, 771px\" \/><\/p>\n<hr \/>\n<p><a name=\"2\"><\/a><\/p>\n<h3><\/h3>\n<h2 class=\"p1\"><b>Les proc\u00e9d\u00e9s d&rsquo;extrusion<\/b><\/h2>\n<p class=\"p1\"><span class=\"s1\">L&rsquo;extrusion est un proc\u00e9d\u00e9 par lequel le m\u00e9tal \u00e0 l&rsquo;\u00e9tat plastique, est forc\u00e9 de circuler \u00e0 travers une matrice pour fa\u00e7onner la forme. Quand il \u00e9merge de la fili\u00e8re, il prend alors la forme de la fili\u00e8re. L\u2019extrusion diff\u00e8re du dessin en ce que le m\u00e9tal est pouss\u00e9<\/span><span class=\"s2\"> ou\u00a0 <\/span><span class=\"s1\">tir\u00e9, plut\u00f4t que sous tension. En utilisant l\u2019extrusion, une large gamme de formes peut \u00eatre produite.<\/span><\/p>\n<p>&nbsp;<\/p>\n<p><img decoding=\"async\" class=\"alignnone wp-image-5356 size-full\" src=\"http:\/\/finkelstein-metals.com\/\/wp-content\/uploads\/2015\/07\/extrution.jpg\" width=\"771\" height=\"375\" srcset=\"http:\/\/finkelstein-metals.com\/wp-content\/uploads\/2015\/07\/extrution.jpg 771w, http:\/\/finkelstein-metals.com\/wp-content\/uploads\/2015\/07\/extrution-600x292.jpg 600w, http:\/\/finkelstein-metals.com\/wp-content\/uploads\/2015\/07\/extrution-300x146.jpg 300w, http:\/\/finkelstein-metals.com\/wp-content\/uploads\/2015\/07\/extrution-768x374.jpg 768w\" sizes=\"(max-width: 771px) 100vw, 771px\" \/><\/p>\n<h3><\/h3>\n<p>&nbsp;<\/p>\n<p><a href=\"http:\/\/finkelstein-metals.com\/\/wp-content\/uploads\/2015\/07\/image-2.jpg\">\u00a0<\/a><\/p>\n<p>&nbsp;<\/p>\n<p><a href=\"http:\/\/finkelstein-metals.com\/\/wp-content\/uploads\/2015\/07\/image-3.jpg\">\u00a0<\/a><\/p>\n","protected":false},"excerpt":{"rendered":"<p>La coul\u00e9e continue Dans ce proc\u00e9d\u00e9, le m\u00e9tal fondu est vers\u00e9 \u00e0 travers un moule de graphite. L&rsquo;extr\u00e9mit\u00e9 oppos\u00e9e du moule contient un dispositif de refroidissement. Les rouleaux attracteurs tirent la tige solidifi\u00e9e du moule de fa\u00e7on continue et passent \u00e0 travers un refroidissement suppl\u00e9mentaire et finalement par une coupe en croix. Les propri\u00e9t\u00e9s m\u00e9caniques [&hellip;]<\/p>\n","protected":false},"author":1,"featured_media":0,"parent":0,"menu_order":0,"comment_status":"open","ping_status":"open","template":"","meta":{"_acf_changed":false,"footnotes":""},"class_list":["post-623","page","type-page","status-publish","hentry"],"acf":[],"yoast_head":"<!-- This site is optimized with the Yoast SEO plugin v27.2 - https:\/\/yoast.com\/product\/yoast-seo-wordpress\/ -->\n<title>Technologies - Finkelstein Metal<\/title>\n<meta name=\"robots\" content=\"index, follow, max-snippet:-1, max-image-preview:large, max-video-preview:-1\" \/>\n<link rel=\"canonical\" href=\"http:\/\/finkelstein-metals.com\/fr\/technologies\/\" \/>\n<meta property=\"og:locale\" content=\"fr_FR\" \/>\n<meta property=\"og:type\" content=\"article\" \/>\n<meta property=\"og:title\" content=\"Technologies - Finkelstein Metal\" \/>\n<meta property=\"og:description\" content=\"La coul\u00e9e continue Dans ce proc\u00e9d\u00e9, le m\u00e9tal fondu est vers\u00e9 \u00e0 travers un moule de graphite. L&rsquo;extr\u00e9mit\u00e9 oppos\u00e9e du moule contient un dispositif de refroidissement. Les rouleaux attracteurs tirent la tige solidifi\u00e9e du moule de fa\u00e7on continue et passent \u00e0 travers un refroidissement suppl\u00e9mentaire et finalement par une coupe en croix. Les propri\u00e9t\u00e9s m\u00e9caniques [&hellip;]\" \/>\n<meta property=\"og:url\" content=\"http:\/\/finkelstein-metals.com\/fr\/technologies\/\" \/>\n<meta property=\"og:site_name\" content=\"Finkelstein Metal\" \/>\n<meta property=\"article:modified_time\" content=\"2016-08-14T10:11:27+00:00\" \/>\n<meta property=\"og:image\" content=\"http:\/\/finkelstein-metals.com\/\/wp-content\/uploads\/2015\/07\/horizental.jpg\" \/>\n<meta name=\"twitter:card\" content=\"summary_large_image\" \/>\n<meta name=\"twitter:label1\" content=\"Dur\u00e9e de lecture estim\u00e9e\" \/>\n\t<meta name=\"twitter:data1\" content=\"1 minute\" \/>\n<script type=\"application\/ld+json\" class=\"yoast-schema-graph\">{\"@context\":\"https:\/\/schema.org\",\"@graph\":[{\"@type\":\"WebPage\",\"@id\":\"http:\/\/finkelstein-metals.com\/fr\/technologies\/\",\"url\":\"http:\/\/finkelstein-metals.com\/fr\/technologies\/\",\"name\":\"Technologies - Finkelstein Metal\",\"isPartOf\":{\"@id\":\"https:\/\/finkelstein-metals.com\/fr\/#website\"},\"primaryImageOfPage\":{\"@id\":\"http:\/\/finkelstein-metals.com\/fr\/technologies\/#primaryimage\"},\"image\":{\"@id\":\"http:\/\/finkelstein-metals.com\/fr\/technologies\/#primaryimage\"},\"thumbnailUrl\":\"http:\/\/finkelstein-metals.com\/\/wp-content\/uploads\/2015\/07\/horizental.jpg\",\"datePublished\":\"2015-07-14T11:27:03+00:00\",\"dateModified\":\"2016-08-14T10:11:27+00:00\",\"breadcrumb\":{\"@id\":\"http:\/\/finkelstein-metals.com\/fr\/technologies\/#breadcrumb\"},\"inLanguage\":\"fr-FR\",\"potentialAction\":[{\"@type\":\"ReadAction\",\"target\":[\"http:\/\/finkelstein-metals.com\/fr\/technologies\/\"]}]},{\"@type\":\"ImageObject\",\"inLanguage\":\"fr-FR\",\"@id\":\"http:\/\/finkelstein-metals.com\/fr\/technologies\/#primaryimage\",\"url\":\"http:\/\/finkelstein-metals.com\/\/wp-content\/uploads\/2015\/07\/horizental.jpg\",\"contentUrl\":\"http:\/\/finkelstein-metals.com\/\/wp-content\/uploads\/2015\/07\/horizental.jpg\"},{\"@type\":\"BreadcrumbList\",\"@id\":\"http:\/\/finkelstein-metals.com\/fr\/technologies\/#breadcrumb\",\"itemListElement\":[{\"@type\":\"ListItem\",\"position\":1,\"name\":\"Home\",\"item\":\"https:\/\/finkelstein-metals.com\/fr\/\"},{\"@type\":\"ListItem\",\"position\":2,\"name\":\"Technologies\"}]},{\"@type\":\"WebSite\",\"@id\":\"https:\/\/finkelstein-metals.com\/fr\/#website\",\"url\":\"https:\/\/finkelstein-metals.com\/fr\/\",\"name\":\"Finkelstein Metal\",\"description\":\"Just another WordPress site\",\"potentialAction\":[{\"@type\":\"SearchAction\",\"target\":{\"@type\":\"EntryPoint\",\"urlTemplate\":\"https:\/\/finkelstein-metals.com\/fr\/?s={search_term_string}\"},\"query-input\":{\"@type\":\"PropertyValueSpecification\",\"valueRequired\":true,\"valueName\":\"search_term_string\"}}],\"inLanguage\":\"fr-FR\"}]}<\/script>\n<!-- \/ Yoast SEO plugin. -->","yoast_head_json":{"title":"Technologies - Finkelstein Metal","robots":{"index":"index","follow":"follow","max-snippet":"max-snippet:-1","max-image-preview":"max-image-preview:large","max-video-preview":"max-video-preview:-1"},"canonical":"http:\/\/finkelstein-metals.com\/fr\/technologies\/","og_locale":"fr_FR","og_type":"article","og_title":"Technologies - Finkelstein Metal","og_description":"La coul\u00e9e continue Dans ce proc\u00e9d\u00e9, le m\u00e9tal fondu est vers\u00e9 \u00e0 travers un moule de graphite. L&rsquo;extr\u00e9mit\u00e9 oppos\u00e9e du moule contient un dispositif de refroidissement. Les rouleaux attracteurs tirent la tige solidifi\u00e9e du moule de fa\u00e7on continue et passent \u00e0 travers un refroidissement suppl\u00e9mentaire et finalement par une coupe en croix. Les propri\u00e9t\u00e9s m\u00e9caniques [&hellip;]","og_url":"http:\/\/finkelstein-metals.com\/fr\/technologies\/","og_site_name":"Finkelstein Metal","article_modified_time":"2016-08-14T10:11:27+00:00","og_image":[{"url":"http:\/\/finkelstein-metals.com\/\/wp-content\/uploads\/2015\/07\/horizental.jpg","type":"","width":"","height":""}],"twitter_card":"summary_large_image","twitter_misc":{"Dur\u00e9e de lecture estim\u00e9e":"1 minute"},"schema":{"@context":"https:\/\/schema.org","@graph":[{"@type":"WebPage","@id":"http:\/\/finkelstein-metals.com\/fr\/technologies\/","url":"http:\/\/finkelstein-metals.com\/fr\/technologies\/","name":"Technologies - Finkelstein Metal","isPartOf":{"@id":"https:\/\/finkelstein-metals.com\/fr\/#website"},"primaryImageOfPage":{"@id":"http:\/\/finkelstein-metals.com\/fr\/technologies\/#primaryimage"},"image":{"@id":"http:\/\/finkelstein-metals.com\/fr\/technologies\/#primaryimage"},"thumbnailUrl":"http:\/\/finkelstein-metals.com\/\/wp-content\/uploads\/2015\/07\/horizental.jpg","datePublished":"2015-07-14T11:27:03+00:00","dateModified":"2016-08-14T10:11:27+00:00","breadcrumb":{"@id":"http:\/\/finkelstein-metals.com\/fr\/technologies\/#breadcrumb"},"inLanguage":"fr-FR","potentialAction":[{"@type":"ReadAction","target":["http:\/\/finkelstein-metals.com\/fr\/technologies\/"]}]},{"@type":"ImageObject","inLanguage":"fr-FR","@id":"http:\/\/finkelstein-metals.com\/fr\/technologies\/#primaryimage","url":"http:\/\/finkelstein-metals.com\/\/wp-content\/uploads\/2015\/07\/horizental.jpg","contentUrl":"http:\/\/finkelstein-metals.com\/\/wp-content\/uploads\/2015\/07\/horizental.jpg"},{"@type":"BreadcrumbList","@id":"http:\/\/finkelstein-metals.com\/fr\/technologies\/#breadcrumb","itemListElement":[{"@type":"ListItem","position":1,"name":"Home","item":"https:\/\/finkelstein-metals.com\/fr\/"},{"@type":"ListItem","position":2,"name":"Technologies"}]},{"@type":"WebSite","@id":"https:\/\/finkelstein-metals.com\/fr\/#website","url":"https:\/\/finkelstein-metals.com\/fr\/","name":"Finkelstein Metal","description":"Just another WordPress site","potentialAction":[{"@type":"SearchAction","target":{"@type":"EntryPoint","urlTemplate":"https:\/\/finkelstein-metals.com\/fr\/?s={search_term_string}"},"query-input":{"@type":"PropertyValueSpecification","valueRequired":true,"valueName":"search_term_string"}}],"inLanguage":"fr-FR"}]}},"_links":{"self":[{"href":"http:\/\/finkelstein-metals.com\/fr\/wp-json\/wp\/v2\/pages\/623","targetHints":{"allow":["GET"]}}],"collection":[{"href":"http:\/\/finkelstein-metals.com\/fr\/wp-json\/wp\/v2\/pages"}],"about":[{"href":"http:\/\/finkelstein-metals.com\/fr\/wp-json\/wp\/v2\/types\/page"}],"author":[{"embeddable":true,"href":"http:\/\/finkelstein-metals.com\/fr\/wp-json\/wp\/v2\/users\/1"}],"replies":[{"embeddable":true,"href":"http:\/\/finkelstein-metals.com\/fr\/wp-json\/wp\/v2\/comments?post=623"}],"version-history":[{"count":0,"href":"http:\/\/finkelstein-metals.com\/fr\/wp-json\/wp\/v2\/pages\/623\/revisions"}],"wp:attachment":[{"href":"http:\/\/finkelstein-metals.com\/fr\/wp-json\/wp\/v2\/media?parent=623"}],"curies":[{"name":"wp","href":"https:\/\/api.w.org\/{rel}","templated":true}]}}