{"id":5099,"date":"2015-09-16T09:40:32","date_gmt":"2015-09-16T09:40:32","guid":{"rendered":"http:\/\/finkelstein-metals.com\/fr\/ingots\/"},"modified":"2016-08-11T04:53:05","modified_gmt":"2016-08-11T04:53:05","slug":"ingots","status":"publish","type":"page","link":"https:\/\/finkelstein-metals.com\/fr\/ingots\/","title":{"rendered":"LINGOTS"},"content":{"rendered":"<p>&nbsp;<\/p>\n<table>\n<tbody>\n<tr>\n<td>\n<p class=\"p1\"><span class=\"s1\">laiton et lingots de bronze coul\u00e9s en continu,<br \/>\npour coul\u00e9e sous pression et gravit\u00e9 moulage sous pression.<\/span><\/p>\n<\/td>\n<td><\/td>\n<td><img decoding=\"async\" class=\"alignnone wp-image-2281 size-large\" src=\"http:\/\/finkelstein-metals.com\/wp-content\/uploads\/2015\/09\/ELI_5807final-1024x657.jpg\" alt=\"ELI_5807final\" width=\"1024\" height=\"657\" \/><\/td>\n<\/tr>\n<\/tbody>\n<\/table>\n<p>&nbsp;<\/p>\n","protected":false},"excerpt":{"rendered":"<p>&nbsp; laiton et lingots de bronze coul\u00e9s en continu, pour coul\u00e9e sous pression et gravit\u00e9 moulage sous pression. &nbsp;<\/p>\n","protected":false},"author":3,"featured_media":0,"parent":0,"menu_order":0,"comment_status":"closed","ping_status":"closed","template":"","meta":{"_acf_changed":false,"footnotes":""},"class_list":["post-5099","page","type-page","status-publish","hentry"],"acf":[],"yoast_head":"<!-- This site is optimized with the Yoast SEO plugin v27.2 - https:\/\/yoast.com\/product\/yoast-seo-wordpress\/ -->\n<title>LINGOTS - Finkelstein Metal<\/title>\n<meta name=\"robots\" content=\"index, follow, max-snippet:-1, max-image-preview:large, max-video-preview:-1\" \/>\n<link rel=\"canonical\" href=\"http:\/\/finkelstein-metals.com\/fr\/ingots\/\" \/>\n<meta property=\"og:locale\" content=\"fr_FR\" \/>\n<meta property=\"og:type\" content=\"article\" \/>\n<meta property=\"og:title\" content=\"LINGOTS - Finkelstein Metal\" \/>\n<meta property=\"og:description\" content=\"&nbsp; laiton et lingots de bronze coul\u00e9s en continu, pour coul\u00e9e sous pression et gravit\u00e9 moulage sous pression. &nbsp;\" \/>\n<meta property=\"og:url\" content=\"http:\/\/finkelstein-metals.com\/fr\/ingots\/\" \/>\n<meta property=\"og:site_name\" content=\"Finkelstein Metal\" \/>\n<meta property=\"article:modified_time\" content=\"2016-08-11T04:53:05+00:00\" \/>\n<meta property=\"og:image\" content=\"http:\/\/finkelstein-metals.com\/wp-content\/uploads\/2015\/09\/ELI_5807final-1024x657.jpg\" \/>\n<meta name=\"twitter:card\" content=\"summary_large_image\" \/>\n<script type=\"application\/ld+json\" class=\"yoast-schema-graph\">{\"@context\":\"https:\/\/schema.org\",\"@graph\":[{\"@type\":\"WebPage\",\"@id\":\"http:\/\/finkelstein-metals.com\/fr\/ingots\/\",\"url\":\"http:\/\/finkelstein-metals.com\/fr\/ingots\/\",\"name\":\"LINGOTS - Finkelstein Metal\",\"isPartOf\":{\"@id\":\"http:\/\/finkelstein-metals.com\/fr\/#website\"},\"primaryImageOfPage\":{\"@id\":\"http:\/\/finkelstein-metals.com\/fr\/ingots\/#primaryimage\"},\"image\":{\"@id\":\"http:\/\/finkelstein-metals.com\/fr\/ingots\/#primaryimage\"},\"thumbnailUrl\":\"http:\/\/finkelstein-metals.com\/wp-content\/uploads\/2015\/09\/ELI_5807final-1024x657.jpg\",\"datePublished\":\"2015-09-16T09:40:32+00:00\",\"dateModified\":\"2016-08-11T04:53:05+00:00\",\"breadcrumb\":{\"@id\":\"http:\/\/finkelstein-metals.com\/fr\/ingots\/#breadcrumb\"},\"inLanguage\":\"fr-FR\",\"potentialAction\":[{\"@type\":\"ReadAction\",\"target\":[\"http:\/\/finkelstein-metals.com\/fr\/ingots\/\"]}]},{\"@type\":\"ImageObject\",\"inLanguage\":\"fr-FR\",\"@id\":\"http:\/\/finkelstein-metals.com\/fr\/ingots\/#primaryimage\",\"url\":\"http:\/\/finkelstein-metals.com\/wp-content\/uploads\/2015\/09\/ELI_5807final-1024x657.jpg\",\"contentUrl\":\"http:\/\/finkelstein-metals.com\/wp-content\/uploads\/2015\/09\/ELI_5807final-1024x657.jpg\"},{\"@type\":\"BreadcrumbList\",\"@id\":\"http:\/\/finkelstein-metals.com\/fr\/ingots\/#breadcrumb\",\"itemListElement\":[{\"@type\":\"ListItem\",\"position\":1,\"name\":\"Home\",\"item\":\"http:\/\/finkelstein-metals.com\/fr\/\"},{\"@type\":\"ListItem\",\"position\":2,\"name\":\"LINGOTS\"}]},{\"@type\":\"WebSite\",\"@id\":\"http:\/\/finkelstein-metals.com\/fr\/#website\",\"url\":\"http:\/\/finkelstein-metals.com\/fr\/\",\"name\":\"Finkelstein Metal\",\"description\":\"Just another WordPress site\",\"potentialAction\":[{\"@type\":\"SearchAction\",\"target\":{\"@type\":\"EntryPoint\",\"urlTemplate\":\"http:\/\/finkelstein-metals.com\/fr\/?s={search_term_string}\"},\"query-input\":{\"@type\":\"PropertyValueSpecification\",\"valueRequired\":true,\"valueName\":\"search_term_string\"}}],\"inLanguage\":\"fr-FR\"}]}<\/script>\n<!-- \/ Yoast SEO plugin. -->","yoast_head_json":{"title":"LINGOTS - Finkelstein Metal","robots":{"index":"index","follow":"follow","max-snippet":"max-snippet:-1","max-image-preview":"max-image-preview:large","max-video-preview":"max-video-preview:-1"},"canonical":"http:\/\/finkelstein-metals.com\/fr\/ingots\/","og_locale":"fr_FR","og_type":"article","og_title":"LINGOTS - Finkelstein Metal","og_description":"&nbsp; laiton et lingots de bronze coul\u00e9s en continu, pour coul\u00e9e sous pression et gravit\u00e9 moulage sous pression. &nbsp;","og_url":"http:\/\/finkelstein-metals.com\/fr\/ingots\/","og_site_name":"Finkelstein Metal","article_modified_time":"2016-08-11T04:53:05+00:00","og_image":[{"url":"http:\/\/finkelstein-metals.com\/wp-content\/uploads\/2015\/09\/ELI_5807final-1024x657.jpg","type":"","width":"","height":""}],"twitter_card":"summary_large_image","schema":{"@context":"https:\/\/schema.org","@graph":[{"@type":"WebPage","@id":"http:\/\/finkelstein-metals.com\/fr\/ingots\/","url":"http:\/\/finkelstein-metals.com\/fr\/ingots\/","name":"LINGOTS - Finkelstein Metal","isPartOf":{"@id":"http:\/\/finkelstein-metals.com\/fr\/#website"},"primaryImageOfPage":{"@id":"http:\/\/finkelstein-metals.com\/fr\/ingots\/#primaryimage"},"image":{"@id":"http:\/\/finkelstein-metals.com\/fr\/ingots\/#primaryimage"},"thumbnailUrl":"http:\/\/finkelstein-metals.com\/wp-content\/uploads\/2015\/09\/ELI_5807final-1024x657.jpg","datePublished":"2015-09-16T09:40:32+00:00","dateModified":"2016-08-11T04:53:05+00:00","breadcrumb":{"@id":"http:\/\/finkelstein-metals.com\/fr\/ingots\/#breadcrumb"},"inLanguage":"fr-FR","potentialAction":[{"@type":"ReadAction","target":["http:\/\/finkelstein-metals.com\/fr\/ingots\/"]}]},{"@type":"ImageObject","inLanguage":"fr-FR","@id":"http:\/\/finkelstein-metals.com\/fr\/ingots\/#primaryimage","url":"http:\/\/finkelstein-metals.com\/wp-content\/uploads\/2015\/09\/ELI_5807final-1024x657.jpg","contentUrl":"http:\/\/finkelstein-metals.com\/wp-content\/uploads\/2015\/09\/ELI_5807final-1024x657.jpg"},{"@type":"BreadcrumbList","@id":"http:\/\/finkelstein-metals.com\/fr\/ingots\/#breadcrumb","itemListElement":[{"@type":"ListItem","position":1,"name":"Home","item":"http:\/\/finkelstein-metals.com\/fr\/"},{"@type":"ListItem","position":2,"name":"LINGOTS"}]},{"@type":"WebSite","@id":"http:\/\/finkelstein-metals.com\/fr\/#website","url":"http:\/\/finkelstein-metals.com\/fr\/","name":"Finkelstein Metal","description":"Just another WordPress site","potentialAction":[{"@type":"SearchAction","target":{"@type":"EntryPoint","urlTemplate":"http:\/\/finkelstein-metals.com\/fr\/?s={search_term_string}"},"query-input":{"@type":"PropertyValueSpecification","valueRequired":true,"valueName":"search_term_string"}}],"inLanguage":"fr-FR"}]}},"_links":{"self":[{"href":"https:\/\/finkelstein-metals.com\/fr\/wp-json\/wp\/v2\/pages\/5099","targetHints":{"allow":["GET"]}}],"collection":[{"href":"https:\/\/finkelstein-metals.com\/fr\/wp-json\/wp\/v2\/pages"}],"about":[{"href":"https:\/\/finkelstein-metals.com\/fr\/wp-json\/wp\/v2\/types\/page"}],"author":[{"embeddable":true,"href":"https:\/\/finkelstein-metals.com\/fr\/wp-json\/wp\/v2\/users\/3"}],"replies":[{"embeddable":true,"href":"https:\/\/finkelstein-metals.com\/fr\/wp-json\/wp\/v2\/comments?post=5099"}],"version-history":[{"count":0,"href":"https:\/\/finkelstein-metals.com\/fr\/wp-json\/wp\/v2\/pages\/5099\/revisions"}],"wp:attachment":[{"href":"https:\/\/finkelstein-metals.com\/fr\/wp-json\/wp\/v2\/media?parent=5099"}],"curies":[{"name":"wp","href":"https:\/\/api.w.org\/{rel}","templated":true}]}}