{"id":5137,"date":"2015-09-06T20:55:36","date_gmt":"2015-09-06T20:55:36","guid":{"rendered":"http:\/\/finkelstein-metals.com\/fr\/turn-to-size-cut-to-length\/"},"modified":"2016-07-07T10:46:17","modified_gmt":"2016-07-07T10:46:17","slug":"turn-to-size-cut-to-length","status":"publish","type":"page","link":"https:\/\/finkelstein-metals.com\/fr\/turn-to-size-cut-to-length\/","title":{"rendered":"Fait sur mesure \/ coupe a la longueur desiree"},"content":{"rendered":"<h2>\u00a0<a href=\"http:\/\/finkelstein-metals.com\/\/wp-content\/uploads\/2015\/07\/image-widget2.png\"><img decoding=\"async\" class=\"alignnone size-full wp-image-516\" src=\"http:\/\/finkelstein-metals.com\/\/wp-content\/uploads\/2015\/07\/image-widget2.png\" alt=\"image-widget2\" width=\"86\" height=\"73\" \/><\/a><\/h2>\n<p class=\"p1\">Nous offrons ce service sur place. Normalement dans le cadre du processus de fabrication. Nous pouvons transformer et \/ ou couper des tiges <span class=\"s1\">tr\u00e8s petites ou de tr\u00e8s grands <\/span>diam\u00e8tres. Nous pouvons couper des morceaux de seulement quelques millim\u00e8tres ou parfois mouler<span class=\"Apple-converted-space\">\u00a0 <\/span><span class=\"s1\">les barres selon la taille <\/span>que vous d\u00e9sirez. Nous pouvons transformer des barres et <span class=\"s2\">des tron\u00e7ons<\/span> de grands diam\u00e8tres pour vous obtenir des <span class=\"s1\">produits avec surface et taille convenant \u00e0 vos besoins.<\/span><\/p>\n<p>&nbsp;<\/p>\n<p><a href=\"http:\/\/finkelstein-metals.com\/wp-content\/uploads\/2015\/09\/IMG_1313-e1444833295412.jpg\"><img decoding=\"async\" class=\"alignnone wp-image-2656 size-full\" src=\"http:\/\/finkelstein-metals.com\/wp-content\/uploads\/2015\/09\/IMG_1313-e1444833295412.jpg\" alt=\"IMG_1313\" width=\"674\" height=\"507\" srcset=\"https:\/\/finkelstein-metals.com\/wp-content\/uploads\/2015\/09\/IMG_1313-e1444833295412.jpg 674w, https:\/\/finkelstein-metals.com\/wp-content\/uploads\/2015\/09\/IMG_1313-e1444833295412-600x451.jpg 600w, https:\/\/finkelstein-metals.com\/wp-content\/uploads\/2015\/09\/IMG_1313-e1444833295412-300x226.jpg 300w\" sizes=\"(max-width: 674px) 100vw, 674px\" \/><\/a><\/p>\n<p>&nbsp;<\/p>\n<p>&nbsp;<\/p>\n<p>&nbsp;<\/p>\n<p>&nbsp;<\/p>\n<p>&nbsp;<\/p>\n<p>&nbsp;<\/p>\n<p>&nbsp;<\/p>\n<p>&nbsp;<\/p>\n","protected":false},"excerpt":{"rendered":"<p>\u00a0 Nous offrons ce service sur place. Normalement dans le cadre du processus de fabrication. Nous pouvons transformer et \/ ou couper des tiges tr\u00e8s petites ou de tr\u00e8s grands diam\u00e8tres. Nous pouvons couper des morceaux de seulement quelques millim\u00e8tres ou parfois mouler\u00a0 les barres selon la taille que vous d\u00e9sirez. Nous pouvons transformer des [&hellip;]<\/p>\n","protected":false},"author":3,"featured_media":0,"parent":0,"menu_order":0,"comment_status":"closed","ping_status":"closed","template":"","meta":{"_acf_changed":false,"footnotes":""},"class_list":["post-5137","page","type-page","status-publish","hentry"],"acf":[],"yoast_head":"<!-- This site is optimized with the Yoast SEO plugin v27.2 - https:\/\/yoast.com\/product\/yoast-seo-wordpress\/ -->\n<title>Fait sur mesure \/ coupe a la longueur desiree - Finkelstein Metal<\/title>\n<meta name=\"robots\" content=\"index, follow, max-snippet:-1, max-image-preview:large, max-video-preview:-1\" \/>\n<link rel=\"canonical\" href=\"http:\/\/finkelstein-metals.com\/fr\/turn-to-size-cut-to-length\/\" \/>\n<meta property=\"og:locale\" content=\"fr_FR\" \/>\n<meta property=\"og:type\" content=\"article\" \/>\n<meta property=\"og:title\" content=\"Fait sur mesure \/ coupe a la longueur desiree - Finkelstein Metal\" \/>\n<meta property=\"og:description\" content=\"\u00a0 Nous offrons ce service sur place. Normalement dans le cadre du processus de fabrication. Nous pouvons transformer et \/ ou couper des tiges tr\u00e8s petites ou de tr\u00e8s grands diam\u00e8tres. Nous pouvons couper des morceaux de seulement quelques millim\u00e8tres ou parfois mouler\u00a0 les barres selon la taille que vous d\u00e9sirez. Nous pouvons transformer des [&hellip;]\" \/>\n<meta property=\"og:url\" content=\"http:\/\/finkelstein-metals.com\/fr\/turn-to-size-cut-to-length\/\" \/>\n<meta property=\"og:site_name\" content=\"Finkelstein Metal\" \/>\n<meta property=\"article:modified_time\" content=\"2016-07-07T10:46:17+00:00\" \/>\n<meta property=\"og:image\" content=\"http:\/\/finkelstein-metals.com\/\/wp-content\/uploads\/2015\/07\/image-widget2.png\" \/>\n<meta name=\"twitter:card\" content=\"summary_large_image\" \/>\n<script type=\"application\/ld+json\" class=\"yoast-schema-graph\">{\"@context\":\"https:\/\/schema.org\",\"@graph\":[{\"@type\":\"WebPage\",\"@id\":\"http:\/\/finkelstein-metals.com\/fr\/turn-to-size-cut-to-length\/\",\"url\":\"http:\/\/finkelstein-metals.com\/fr\/turn-to-size-cut-to-length\/\",\"name\":\"Fait sur mesure \/ coupe a la longueur desiree - Finkelstein Metal\",\"isPartOf\":{\"@id\":\"http:\/\/finkelstein-metals.com\/#website\"},\"primaryImageOfPage\":{\"@id\":\"http:\/\/finkelstein-metals.com\/fr\/turn-to-size-cut-to-length\/#primaryimage\"},\"image\":{\"@id\":\"http:\/\/finkelstein-metals.com\/fr\/turn-to-size-cut-to-length\/#primaryimage\"},\"thumbnailUrl\":\"http:\/\/finkelstein-metals.com\/\/wp-content\/uploads\/2015\/07\/image-widget2.png\",\"datePublished\":\"2015-09-06T20:55:36+00:00\",\"dateModified\":\"2016-07-07T10:46:17+00:00\",\"breadcrumb\":{\"@id\":\"http:\/\/finkelstein-metals.com\/fr\/turn-to-size-cut-to-length\/#breadcrumb\"},\"inLanguage\":\"fr-FR\",\"potentialAction\":[{\"@type\":\"ReadAction\",\"target\":[\"http:\/\/finkelstein-metals.com\/fr\/turn-to-size-cut-to-length\/\"]}]},{\"@type\":\"ImageObject\",\"inLanguage\":\"fr-FR\",\"@id\":\"http:\/\/finkelstein-metals.com\/fr\/turn-to-size-cut-to-length\/#primaryimage\",\"url\":\"http:\/\/finkelstein-metals.com\/\/wp-content\/uploads\/2015\/07\/image-widget2.png\",\"contentUrl\":\"http:\/\/finkelstein-metals.com\/\/wp-content\/uploads\/2015\/07\/image-widget2.png\"},{\"@type\":\"BreadcrumbList\",\"@id\":\"http:\/\/finkelstein-metals.com\/fr\/turn-to-size-cut-to-length\/#breadcrumb\",\"itemListElement\":[{\"@type\":\"ListItem\",\"position\":1,\"name\":\"Home\",\"item\":\"https:\/\/finkelstein-metals.com\/fr\/\"},{\"@type\":\"ListItem\",\"position\":2,\"name\":\"Fait sur mesure \/ coupe a la longueur desiree\"}]},{\"@type\":\"WebSite\",\"@id\":\"http:\/\/finkelstein-metals.com\/#website\",\"url\":\"http:\/\/finkelstein-metals.com\/\",\"name\":\"Finkelstein Metal\",\"description\":\"Just another WordPress site\",\"potentialAction\":[{\"@type\":\"SearchAction\",\"target\":{\"@type\":\"EntryPoint\",\"urlTemplate\":\"http:\/\/finkelstein-metals.com\/?s={search_term_string}\"},\"query-input\":{\"@type\":\"PropertyValueSpecification\",\"valueRequired\":true,\"valueName\":\"search_term_string\"}}],\"inLanguage\":\"fr-FR\"}]}<\/script>\n<!-- \/ Yoast SEO plugin. -->","yoast_head_json":{"title":"Fait sur mesure \/ coupe a la longueur desiree - Finkelstein Metal","robots":{"index":"index","follow":"follow","max-snippet":"max-snippet:-1","max-image-preview":"max-image-preview:large","max-video-preview":"max-video-preview:-1"},"canonical":"http:\/\/finkelstein-metals.com\/fr\/turn-to-size-cut-to-length\/","og_locale":"fr_FR","og_type":"article","og_title":"Fait sur mesure \/ coupe a la longueur desiree - Finkelstein Metal","og_description":"\u00a0 Nous offrons ce service sur place. Normalement dans le cadre du processus de fabrication. Nous pouvons transformer et \/ ou couper des tiges tr\u00e8s petites ou de tr\u00e8s grands diam\u00e8tres. Nous pouvons couper des morceaux de seulement quelques millim\u00e8tres ou parfois mouler\u00a0 les barres selon la taille que vous d\u00e9sirez. Nous pouvons transformer des [&hellip;]","og_url":"http:\/\/finkelstein-metals.com\/fr\/turn-to-size-cut-to-length\/","og_site_name":"Finkelstein Metal","article_modified_time":"2016-07-07T10:46:17+00:00","og_image":[{"url":"http:\/\/finkelstein-metals.com\/\/wp-content\/uploads\/2015\/07\/image-widget2.png","type":"","width":"","height":""}],"twitter_card":"summary_large_image","schema":{"@context":"https:\/\/schema.org","@graph":[{"@type":"WebPage","@id":"http:\/\/finkelstein-metals.com\/fr\/turn-to-size-cut-to-length\/","url":"http:\/\/finkelstein-metals.com\/fr\/turn-to-size-cut-to-length\/","name":"Fait sur mesure \/ coupe a la longueur desiree - Finkelstein Metal","isPartOf":{"@id":"http:\/\/finkelstein-metals.com\/#website"},"primaryImageOfPage":{"@id":"http:\/\/finkelstein-metals.com\/fr\/turn-to-size-cut-to-length\/#primaryimage"},"image":{"@id":"http:\/\/finkelstein-metals.com\/fr\/turn-to-size-cut-to-length\/#primaryimage"},"thumbnailUrl":"http:\/\/finkelstein-metals.com\/\/wp-content\/uploads\/2015\/07\/image-widget2.png","datePublished":"2015-09-06T20:55:36+00:00","dateModified":"2016-07-07T10:46:17+00:00","breadcrumb":{"@id":"http:\/\/finkelstein-metals.com\/fr\/turn-to-size-cut-to-length\/#breadcrumb"},"inLanguage":"fr-FR","potentialAction":[{"@type":"ReadAction","target":["http:\/\/finkelstein-metals.com\/fr\/turn-to-size-cut-to-length\/"]}]},{"@type":"ImageObject","inLanguage":"fr-FR","@id":"http:\/\/finkelstein-metals.com\/fr\/turn-to-size-cut-to-length\/#primaryimage","url":"http:\/\/finkelstein-metals.com\/\/wp-content\/uploads\/2015\/07\/image-widget2.png","contentUrl":"http:\/\/finkelstein-metals.com\/\/wp-content\/uploads\/2015\/07\/image-widget2.png"},{"@type":"BreadcrumbList","@id":"http:\/\/finkelstein-metals.com\/fr\/turn-to-size-cut-to-length\/#breadcrumb","itemListElement":[{"@type":"ListItem","position":1,"name":"Home","item":"https:\/\/finkelstein-metals.com\/fr\/"},{"@type":"ListItem","position":2,"name":"Fait sur mesure \/ coupe a la longueur desiree"}]},{"@type":"WebSite","@id":"http:\/\/finkelstein-metals.com\/#website","url":"http:\/\/finkelstein-metals.com\/","name":"Finkelstein Metal","description":"Just another WordPress site","potentialAction":[{"@type":"SearchAction","target":{"@type":"EntryPoint","urlTemplate":"http:\/\/finkelstein-metals.com\/?s={search_term_string}"},"query-input":{"@type":"PropertyValueSpecification","valueRequired":true,"valueName":"search_term_string"}}],"inLanguage":"fr-FR"}]}},"_links":{"self":[{"href":"https:\/\/finkelstein-metals.com\/fr\/wp-json\/wp\/v2\/pages\/5137","targetHints":{"allow":["GET"]}}],"collection":[{"href":"https:\/\/finkelstein-metals.com\/fr\/wp-json\/wp\/v2\/pages"}],"about":[{"href":"https:\/\/finkelstein-metals.com\/fr\/wp-json\/wp\/v2\/types\/page"}],"author":[{"embeddable":true,"href":"https:\/\/finkelstein-metals.com\/fr\/wp-json\/wp\/v2\/users\/3"}],"replies":[{"embeddable":true,"href":"https:\/\/finkelstein-metals.com\/fr\/wp-json\/wp\/v2\/comments?post=5137"}],"version-history":[{"count":0,"href":"https:\/\/finkelstein-metals.com\/fr\/wp-json\/wp\/v2\/pages\/5137\/revisions"}],"wp:attachment":[{"href":"https:\/\/finkelstein-metals.com\/fr\/wp-json\/wp\/v2\/media?parent=5137"}],"curies":[{"name":"wp","href":"https:\/\/api.w.org\/{rel}","templated":true}]}}