{"id":5143,"date":"2015-09-06T12:14:22","date_gmt":"2015-09-06T12:14:22","guid":{"rendered":"http:\/\/finkelstein-metals.com\/fr\/inventory\/"},"modified":"2016-07-07T10:48:54","modified_gmt":"2016-07-07T10:48:54","slug":"inventory","status":"publish","type":"page","link":"https:\/\/finkelstein-metals.com\/fr\/inventory\/","title":{"rendered":"Inventaire"},"content":{"rendered":"<h2><a href=\"http:\/\/finkelstein-metals.com\/\/wp-content\/uploads\/2015\/09\/INVENTORY.png\"><img decoding=\"async\" class=\"alignnone size-full wp-image-3441\" src=\"http:\/\/finkelstein-metals.com\/\/wp-content\/uploads\/2015\/09\/INVENTORY.png\" alt=\"INVENTORY\" width=\"86\" height=\"73\" \/><\/a><\/h2>\n<p class=\"p1\">Lorsque des barres en alliage de cuivre sont n\u00e9cessaires imm\u00e9diatement (habituellement en petite quantit\u00e9), la seule fa\u00e7on de se les procurer, c\u2019est un entrep\u00f4t bien approvisionn\u00e9 et g\u00e9r\u00e9. Cependant, les barres m\u00e9talliques varient dans les alliages, les formes, les tailles et la longueur. Pour chaque combinaison, une quantit\u00e9 suffisante doit \u00eatre disponible en stock<span class=\"s1\">. Nous offrons \u00e0 nos clients ce service tr\u00e8s complexe \u00e0 g\u00e9rer et \u00e0 entretenir<\/span>. Nous stockons toutes ces dizaines de milliers de barres dans notre d\u00e9p\u00f4t <span class=\"s1\">o\u00f9 elles attendent le moment o\u00f9 vous en aurez l\u2019utilisation.<\/span> Veuillez nous informer de vos besoins et nous vous r\u00e9pondrons avec au moins une option qui soit conforme \u00e0 votre demande.<\/p>\n<p><img decoding=\"async\" class=\"alignnone wp-image-1369 size-full\" src=\"http:\/\/finkelstein-metals.com\/\/wp-content\/uploads\/2015\/08\/ELI_5857final.jpg\" alt=\"ELI_5857final\" width=\"770\" height=\"509\" \/><\/p>\n<p>&nbsp;<\/p>\n<p>&nbsp;<\/p>\n<p>&nbsp;<\/p>\n<p>&nbsp;<\/p>\n","protected":false},"excerpt":{"rendered":"<p>Lorsque des barres en alliage de cuivre sont n\u00e9cessaires imm\u00e9diatement (habituellement en petite quantit\u00e9), la seule fa\u00e7on de se les procurer, c\u2019est un entrep\u00f4t bien approvisionn\u00e9 et g\u00e9r\u00e9. Cependant, les barres m\u00e9talliques varient dans les alliages, les formes, les tailles et la longueur. Pour chaque combinaison, une quantit\u00e9 suffisante doit \u00eatre disponible en stock. Nous [&hellip;]<\/p>\n","protected":false},"author":3,"featured_media":0,"parent":0,"menu_order":0,"comment_status":"closed","ping_status":"closed","template":"","meta":{"_acf_changed":false,"footnotes":""},"class_list":["post-5143","page","type-page","status-publish","hentry"],"acf":[],"yoast_head":"<!-- This site is optimized with the Yoast SEO plugin v27.2 - https:\/\/yoast.com\/product\/yoast-seo-wordpress\/ -->\n<title>Inventaire - Finkelstein Metal<\/title>\n<meta name=\"robots\" content=\"index, follow, max-snippet:-1, max-image-preview:large, max-video-preview:-1\" \/>\n<link rel=\"canonical\" href=\"http:\/\/finkelstein-metals.com\/fr\/inventory\/\" \/>\n<meta property=\"og:locale\" content=\"fr_FR\" \/>\n<meta property=\"og:type\" content=\"article\" \/>\n<meta property=\"og:title\" content=\"Inventaire - Finkelstein Metal\" \/>\n<meta property=\"og:description\" content=\"Lorsque des barres en alliage de cuivre sont n\u00e9cessaires imm\u00e9diatement (habituellement en petite quantit\u00e9), la seule fa\u00e7on de se les procurer, c\u2019est un entrep\u00f4t bien approvisionn\u00e9 et g\u00e9r\u00e9. Cependant, les barres m\u00e9talliques varient dans les alliages, les formes, les tailles et la longueur. Pour chaque combinaison, une quantit\u00e9 suffisante doit \u00eatre disponible en stock. Nous [&hellip;]\" \/>\n<meta property=\"og:url\" content=\"http:\/\/finkelstein-metals.com\/fr\/inventory\/\" \/>\n<meta property=\"og:site_name\" content=\"Finkelstein Metal\" \/>\n<meta property=\"article:modified_time\" content=\"2016-07-07T10:48:54+00:00\" \/>\n<meta property=\"og:image\" content=\"http:\/\/finkelstein-metals.com\/\/wp-content\/uploads\/2015\/09\/INVENTORY.png\" \/>\n<meta name=\"twitter:card\" content=\"summary_large_image\" \/>\n<meta name=\"twitter:label1\" content=\"Dur\u00e9e de lecture estim\u00e9e\" \/>\n\t<meta name=\"twitter:data1\" content=\"1 minute\" \/>\n<script type=\"application\/ld+json\" class=\"yoast-schema-graph\">{\"@context\":\"https:\/\/schema.org\",\"@graph\":[{\"@type\":\"WebPage\",\"@id\":\"http:\/\/finkelstein-metals.com\/fr\/inventory\/\",\"url\":\"http:\/\/finkelstein-metals.com\/fr\/inventory\/\",\"name\":\"Inventaire - Finkelstein Metal\",\"isPartOf\":{\"@id\":\"http:\/\/finkelstein-metals.com\/#website\"},\"primaryImageOfPage\":{\"@id\":\"http:\/\/finkelstein-metals.com\/fr\/inventory\/#primaryimage\"},\"image\":{\"@id\":\"http:\/\/finkelstein-metals.com\/fr\/inventory\/#primaryimage\"},\"thumbnailUrl\":\"http:\/\/finkelstein-metals.com\/\/wp-content\/uploads\/2015\/09\/INVENTORY.png\",\"datePublished\":\"2015-09-06T12:14:22+00:00\",\"dateModified\":\"2016-07-07T10:48:54+00:00\",\"breadcrumb\":{\"@id\":\"http:\/\/finkelstein-metals.com\/fr\/inventory\/#breadcrumb\"},\"inLanguage\":\"fr-FR\",\"potentialAction\":[{\"@type\":\"ReadAction\",\"target\":[\"http:\/\/finkelstein-metals.com\/fr\/inventory\/\"]}]},{\"@type\":\"ImageObject\",\"inLanguage\":\"fr-FR\",\"@id\":\"http:\/\/finkelstein-metals.com\/fr\/inventory\/#primaryimage\",\"url\":\"http:\/\/finkelstein-metals.com\/\/wp-content\/uploads\/2015\/09\/INVENTORY.png\",\"contentUrl\":\"http:\/\/finkelstein-metals.com\/\/wp-content\/uploads\/2015\/09\/INVENTORY.png\"},{\"@type\":\"BreadcrumbList\",\"@id\":\"http:\/\/finkelstein-metals.com\/fr\/inventory\/#breadcrumb\",\"itemListElement\":[{\"@type\":\"ListItem\",\"position\":1,\"name\":\"Home\",\"item\":\"https:\/\/finkelstein-metals.com\/fr\/\"},{\"@type\":\"ListItem\",\"position\":2,\"name\":\"Inventaire\"}]},{\"@type\":\"WebSite\",\"@id\":\"http:\/\/finkelstein-metals.com\/#website\",\"url\":\"http:\/\/finkelstein-metals.com\/\",\"name\":\"Finkelstein Metal\",\"description\":\"Just another WordPress site\",\"potentialAction\":[{\"@type\":\"SearchAction\",\"target\":{\"@type\":\"EntryPoint\",\"urlTemplate\":\"http:\/\/finkelstein-metals.com\/?s={search_term_string}\"},\"query-input\":{\"@type\":\"PropertyValueSpecification\",\"valueRequired\":true,\"valueName\":\"search_term_string\"}}],\"inLanguage\":\"fr-FR\"}]}<\/script>\n<!-- \/ Yoast SEO plugin. -->","yoast_head_json":{"title":"Inventaire - Finkelstein Metal","robots":{"index":"index","follow":"follow","max-snippet":"max-snippet:-1","max-image-preview":"max-image-preview:large","max-video-preview":"max-video-preview:-1"},"canonical":"http:\/\/finkelstein-metals.com\/fr\/inventory\/","og_locale":"fr_FR","og_type":"article","og_title":"Inventaire - Finkelstein Metal","og_description":"Lorsque des barres en alliage de cuivre sont n\u00e9cessaires imm\u00e9diatement (habituellement en petite quantit\u00e9), la seule fa\u00e7on de se les procurer, c\u2019est un entrep\u00f4t bien approvisionn\u00e9 et g\u00e9r\u00e9. Cependant, les barres m\u00e9talliques varient dans les alliages, les formes, les tailles et la longueur. Pour chaque combinaison, une quantit\u00e9 suffisante doit \u00eatre disponible en stock. Nous [&hellip;]","og_url":"http:\/\/finkelstein-metals.com\/fr\/inventory\/","og_site_name":"Finkelstein Metal","article_modified_time":"2016-07-07T10:48:54+00:00","og_image":[{"url":"http:\/\/finkelstein-metals.com\/\/wp-content\/uploads\/2015\/09\/INVENTORY.png","type":"","width":"","height":""}],"twitter_card":"summary_large_image","twitter_misc":{"Dur\u00e9e de lecture estim\u00e9e":"1 minute"},"schema":{"@context":"https:\/\/schema.org","@graph":[{"@type":"WebPage","@id":"http:\/\/finkelstein-metals.com\/fr\/inventory\/","url":"http:\/\/finkelstein-metals.com\/fr\/inventory\/","name":"Inventaire - Finkelstein Metal","isPartOf":{"@id":"http:\/\/finkelstein-metals.com\/#website"},"primaryImageOfPage":{"@id":"http:\/\/finkelstein-metals.com\/fr\/inventory\/#primaryimage"},"image":{"@id":"http:\/\/finkelstein-metals.com\/fr\/inventory\/#primaryimage"},"thumbnailUrl":"http:\/\/finkelstein-metals.com\/\/wp-content\/uploads\/2015\/09\/INVENTORY.png","datePublished":"2015-09-06T12:14:22+00:00","dateModified":"2016-07-07T10:48:54+00:00","breadcrumb":{"@id":"http:\/\/finkelstein-metals.com\/fr\/inventory\/#breadcrumb"},"inLanguage":"fr-FR","potentialAction":[{"@type":"ReadAction","target":["http:\/\/finkelstein-metals.com\/fr\/inventory\/"]}]},{"@type":"ImageObject","inLanguage":"fr-FR","@id":"http:\/\/finkelstein-metals.com\/fr\/inventory\/#primaryimage","url":"http:\/\/finkelstein-metals.com\/\/wp-content\/uploads\/2015\/09\/INVENTORY.png","contentUrl":"http:\/\/finkelstein-metals.com\/\/wp-content\/uploads\/2015\/09\/INVENTORY.png"},{"@type":"BreadcrumbList","@id":"http:\/\/finkelstein-metals.com\/fr\/inventory\/#breadcrumb","itemListElement":[{"@type":"ListItem","position":1,"name":"Home","item":"https:\/\/finkelstein-metals.com\/fr\/"},{"@type":"ListItem","position":2,"name":"Inventaire"}]},{"@type":"WebSite","@id":"http:\/\/finkelstein-metals.com\/#website","url":"http:\/\/finkelstein-metals.com\/","name":"Finkelstein Metal","description":"Just another WordPress site","potentialAction":[{"@type":"SearchAction","target":{"@type":"EntryPoint","urlTemplate":"http:\/\/finkelstein-metals.com\/?s={search_term_string}"},"query-input":{"@type":"PropertyValueSpecification","valueRequired":true,"valueName":"search_term_string"}}],"inLanguage":"fr-FR"}]}},"_links":{"self":[{"href":"https:\/\/finkelstein-metals.com\/fr\/wp-json\/wp\/v2\/pages\/5143","targetHints":{"allow":["GET"]}}],"collection":[{"href":"https:\/\/finkelstein-metals.com\/fr\/wp-json\/wp\/v2\/pages"}],"about":[{"href":"https:\/\/finkelstein-metals.com\/fr\/wp-json\/wp\/v2\/types\/page"}],"author":[{"embeddable":true,"href":"https:\/\/finkelstein-metals.com\/fr\/wp-json\/wp\/v2\/users\/3"}],"replies":[{"embeddable":true,"href":"https:\/\/finkelstein-metals.com\/fr\/wp-json\/wp\/v2\/comments?post=5143"}],"version-history":[{"count":0,"href":"https:\/\/finkelstein-metals.com\/fr\/wp-json\/wp\/v2\/pages\/5143\/revisions"}],"wp:attachment":[{"href":"https:\/\/finkelstein-metals.com\/fr\/wp-json\/wp\/v2\/media?parent=5143"}],"curies":[{"name":"wp","href":"https:\/\/api.w.org\/{rel}","templated":true}]}}