{"id":5164,"date":"2015-08-27T14:04:37","date_gmt":"2015-08-27T14:04:37","guid":{"rendered":"http:\/\/finkelstein-metals.com\/fr\/scrape\/"},"modified":"2016-10-30T08:25:14","modified_gmt":"2016-10-30T08:25:14","slug":"scrape","status":"publish","type":"page","link":"https:\/\/finkelstein-metals.com\/fr\/scrape\/","title":{"rendered":"Mati\u00e8res premi\u00e8res"},"content":{"rendered":"<h2 class=\"p1\"><b>Nous achetons des mati\u00e8res premi\u00e8res de Cuivre pour le recyclage<\/b><\/h2>\n<p class=\"p2\">Nous sommes toujours \u00e0 la recherche d\u2019achat de m\u00e9taux \u00e0 recycler: le cuivre, le laiton, le bronze, l&rsquo;aluminium, le zinc, l&rsquo;\u00e9tain, le plomb, et bien d\u2019autres. Pour toute information compl\u00e9mentaire veuillez s&rsquo;il vous pla\u00eet contacter notre service d&rsquo;achat.<\/p>\n<table style=\"height: 561px;\" width=\"635\">\n<tbody>\n<tr>\n<td><img decoding=\"async\" class=\"alignnone size-medium wp-image-4136\" src=\"http:\/\/finkelstein-metals.com\/\/wp-content\/uploads\/2015\/10\/DSC05713-300x225.jpg\" alt=\"DSC05713\" width=\"300\" height=\"225\" srcset=\"https:\/\/finkelstein-metals.com\/wp-content\/uploads\/2015\/10\/DSC05713-300x225.jpg 300w, https:\/\/finkelstein-metals.com\/wp-content\/uploads\/2015\/10\/DSC05713.jpg 447w\" sizes=\"(max-width: 300px) 100vw, 300px\" \/><\/td>\n<td>\n<h2 class=\"p1\">Fragments de Bronze Ebony<\/h2>\n<\/td>\n<\/tr>\n<tr>\n<td><img decoding=\"async\" class=\"alignnone size-medium wp-image-4140\" src=\"http:\/\/finkelstein-metals.com\/wp-content\/uploads\/2015\/08\/?????-029-300x225.jpg\" alt=\"????? 029\" width=\"300\" height=\"225\" \/><\/td>\n<td>\n<h2 class=\"p1\"><b>Fragments de <\/b><b>Cupro Nickel<\/b><\/h2>\n<p class=\"p2\">Cu70Ni30<\/p>\n<p class=\"p3\">Cu90Ni10<\/p>\n<\/td>\n<\/tr>\n<\/tbody>\n<\/table>\n<p>&nbsp;<\/p>\n<p>&nbsp;<\/p>\n<p>&nbsp;<\/p>\n","protected":false},"excerpt":{"rendered":"<p>Nous achetons des mati\u00e8res premi\u00e8res de Cuivre pour le recyclage Nous sommes toujours \u00e0 la recherche d\u2019achat de m\u00e9taux \u00e0 recycler: le cuivre, le laiton, le bronze, l&rsquo;aluminium, le zinc, l&rsquo;\u00e9tain, le plomb, et bien d\u2019autres. Pour toute information compl\u00e9mentaire veuillez s&rsquo;il vous pla\u00eet contacter notre service d&rsquo;achat. Fragments de Bronze Ebony Fragments de Cupro [&hellip;]<\/p>\n","protected":false},"author":3,"featured_media":0,"parent":0,"menu_order":0,"comment_status":"open","ping_status":"open","template":"","meta":{"_acf_changed":false,"footnotes":""},"class_list":["post-5164","page","type-page","status-publish","hentry"],"acf":[],"yoast_head":"<!-- This site is optimized with the Yoast SEO plugin v27.2 - https:\/\/yoast.com\/product\/yoast-seo-wordpress\/ -->\n<title>Mati\u00e8res premi\u00e8res - Finkelstein Metal<\/title>\n<meta name=\"robots\" content=\"index, follow, max-snippet:-1, max-image-preview:large, max-video-preview:-1\" \/>\n<link rel=\"canonical\" href=\"http:\/\/finkelstein-metals.com\/fr\/scrape\/\" \/>\n<meta property=\"og:locale\" content=\"fr_FR\" \/>\n<meta property=\"og:type\" content=\"article\" \/>\n<meta property=\"og:title\" content=\"Mati\u00e8res premi\u00e8res - Finkelstein Metal\" \/>\n<meta property=\"og:description\" content=\"Nous achetons des mati\u00e8res premi\u00e8res de Cuivre pour le recyclage Nous sommes toujours \u00e0 la recherche d\u2019achat de m\u00e9taux \u00e0 recycler: le cuivre, le laiton, le bronze, l&rsquo;aluminium, le zinc, l&rsquo;\u00e9tain, le plomb, et bien d\u2019autres. Pour toute information compl\u00e9mentaire veuillez s&rsquo;il vous pla\u00eet contacter notre service d&rsquo;achat. Fragments de Bronze Ebony Fragments de Cupro [&hellip;]\" \/>\n<meta property=\"og:url\" content=\"http:\/\/finkelstein-metals.com\/fr\/scrape\/\" \/>\n<meta property=\"og:site_name\" content=\"Finkelstein Metal\" \/>\n<meta property=\"article:modified_time\" content=\"2016-10-30T08:25:14+00:00\" \/>\n<meta property=\"og:image\" content=\"http:\/\/finkelstein-metals.com\/\/wp-content\/uploads\/2015\/10\/DSC05713-300x225.jpg\" \/>\n<meta name=\"twitter:card\" content=\"summary_large_image\" \/>\n<script type=\"application\/ld+json\" class=\"yoast-schema-graph\">{\"@context\":\"https:\/\/schema.org\",\"@graph\":[{\"@type\":\"WebPage\",\"@id\":\"http:\/\/finkelstein-metals.com\/fr\/scrape\/\",\"url\":\"http:\/\/finkelstein-metals.com\/fr\/scrape\/\",\"name\":\"Mati\u00e8res premi\u00e8res - Finkelstein Metal\",\"isPartOf\":{\"@id\":\"http:\/\/finkelstein-metals.com\/#website\"},\"primaryImageOfPage\":{\"@id\":\"http:\/\/finkelstein-metals.com\/fr\/scrape\/#primaryimage\"},\"image\":{\"@id\":\"http:\/\/finkelstein-metals.com\/fr\/scrape\/#primaryimage\"},\"thumbnailUrl\":\"http:\/\/finkelstein-metals.com\/\/wp-content\/uploads\/2015\/10\/DSC05713-300x225.jpg\",\"datePublished\":\"2015-08-27T14:04:37+00:00\",\"dateModified\":\"2016-10-30T08:25:14+00:00\",\"breadcrumb\":{\"@id\":\"http:\/\/finkelstein-metals.com\/fr\/scrape\/#breadcrumb\"},\"inLanguage\":\"fr-FR\",\"potentialAction\":[{\"@type\":\"ReadAction\",\"target\":[\"http:\/\/finkelstein-metals.com\/fr\/scrape\/\"]}]},{\"@type\":\"ImageObject\",\"inLanguage\":\"fr-FR\",\"@id\":\"http:\/\/finkelstein-metals.com\/fr\/scrape\/#primaryimage\",\"url\":\"http:\/\/finkelstein-metals.com\/\/wp-content\/uploads\/2015\/10\/DSC05713-300x225.jpg\",\"contentUrl\":\"http:\/\/finkelstein-metals.com\/\/wp-content\/uploads\/2015\/10\/DSC05713-300x225.jpg\"},{\"@type\":\"BreadcrumbList\",\"@id\":\"http:\/\/finkelstein-metals.com\/fr\/scrape\/#breadcrumb\",\"itemListElement\":[{\"@type\":\"ListItem\",\"position\":1,\"name\":\"Home\",\"item\":\"https:\/\/finkelstein-metals.com\/fr\/\"},{\"@type\":\"ListItem\",\"position\":2,\"name\":\"Mati\u00e8res premi\u00e8res\"}]},{\"@type\":\"WebSite\",\"@id\":\"http:\/\/finkelstein-metals.com\/#website\",\"url\":\"http:\/\/finkelstein-metals.com\/\",\"name\":\"Finkelstein Metal\",\"description\":\"Just another WordPress site\",\"potentialAction\":[{\"@type\":\"SearchAction\",\"target\":{\"@type\":\"EntryPoint\",\"urlTemplate\":\"http:\/\/finkelstein-metals.com\/?s={search_term_string}\"},\"query-input\":{\"@type\":\"PropertyValueSpecification\",\"valueRequired\":true,\"valueName\":\"search_term_string\"}}],\"inLanguage\":\"fr-FR\"}]}<\/script>\n<!-- \/ Yoast SEO plugin. -->","yoast_head_json":{"title":"Mati\u00e8res premi\u00e8res - Finkelstein Metal","robots":{"index":"index","follow":"follow","max-snippet":"max-snippet:-1","max-image-preview":"max-image-preview:large","max-video-preview":"max-video-preview:-1"},"canonical":"http:\/\/finkelstein-metals.com\/fr\/scrape\/","og_locale":"fr_FR","og_type":"article","og_title":"Mati\u00e8res premi\u00e8res - Finkelstein Metal","og_description":"Nous achetons des mati\u00e8res premi\u00e8res de Cuivre pour le recyclage Nous sommes toujours \u00e0 la recherche d\u2019achat de m\u00e9taux \u00e0 recycler: le cuivre, le laiton, le bronze, l&rsquo;aluminium, le zinc, l&rsquo;\u00e9tain, le plomb, et bien d\u2019autres. Pour toute information compl\u00e9mentaire veuillez s&rsquo;il vous pla\u00eet contacter notre service d&rsquo;achat. Fragments de Bronze Ebony Fragments de Cupro [&hellip;]","og_url":"http:\/\/finkelstein-metals.com\/fr\/scrape\/","og_site_name":"Finkelstein Metal","article_modified_time":"2016-10-30T08:25:14+00:00","og_image":[{"url":"http:\/\/finkelstein-metals.com\/\/wp-content\/uploads\/2015\/10\/DSC05713-300x225.jpg","type":"","width":"","height":""}],"twitter_card":"summary_large_image","schema":{"@context":"https:\/\/schema.org","@graph":[{"@type":"WebPage","@id":"http:\/\/finkelstein-metals.com\/fr\/scrape\/","url":"http:\/\/finkelstein-metals.com\/fr\/scrape\/","name":"Mati\u00e8res premi\u00e8res - Finkelstein Metal","isPartOf":{"@id":"http:\/\/finkelstein-metals.com\/#website"},"primaryImageOfPage":{"@id":"http:\/\/finkelstein-metals.com\/fr\/scrape\/#primaryimage"},"image":{"@id":"http:\/\/finkelstein-metals.com\/fr\/scrape\/#primaryimage"},"thumbnailUrl":"http:\/\/finkelstein-metals.com\/\/wp-content\/uploads\/2015\/10\/DSC05713-300x225.jpg","datePublished":"2015-08-27T14:04:37+00:00","dateModified":"2016-10-30T08:25:14+00:00","breadcrumb":{"@id":"http:\/\/finkelstein-metals.com\/fr\/scrape\/#breadcrumb"},"inLanguage":"fr-FR","potentialAction":[{"@type":"ReadAction","target":["http:\/\/finkelstein-metals.com\/fr\/scrape\/"]}]},{"@type":"ImageObject","inLanguage":"fr-FR","@id":"http:\/\/finkelstein-metals.com\/fr\/scrape\/#primaryimage","url":"http:\/\/finkelstein-metals.com\/\/wp-content\/uploads\/2015\/10\/DSC05713-300x225.jpg","contentUrl":"http:\/\/finkelstein-metals.com\/\/wp-content\/uploads\/2015\/10\/DSC05713-300x225.jpg"},{"@type":"BreadcrumbList","@id":"http:\/\/finkelstein-metals.com\/fr\/scrape\/#breadcrumb","itemListElement":[{"@type":"ListItem","position":1,"name":"Home","item":"https:\/\/finkelstein-metals.com\/fr\/"},{"@type":"ListItem","position":2,"name":"Mati\u00e8res premi\u00e8res"}]},{"@type":"WebSite","@id":"http:\/\/finkelstein-metals.com\/#website","url":"http:\/\/finkelstein-metals.com\/","name":"Finkelstein Metal","description":"Just another WordPress site","potentialAction":[{"@type":"SearchAction","target":{"@type":"EntryPoint","urlTemplate":"http:\/\/finkelstein-metals.com\/?s={search_term_string}"},"query-input":{"@type":"PropertyValueSpecification","valueRequired":true,"valueName":"search_term_string"}}],"inLanguage":"fr-FR"}]}},"_links":{"self":[{"href":"https:\/\/finkelstein-metals.com\/fr\/wp-json\/wp\/v2\/pages\/5164","targetHints":{"allow":["GET"]}}],"collection":[{"href":"https:\/\/finkelstein-metals.com\/fr\/wp-json\/wp\/v2\/pages"}],"about":[{"href":"https:\/\/finkelstein-metals.com\/fr\/wp-json\/wp\/v2\/types\/page"}],"author":[{"embeddable":true,"href":"https:\/\/finkelstein-metals.com\/fr\/wp-json\/wp\/v2\/users\/3"}],"replies":[{"embeddable":true,"href":"https:\/\/finkelstein-metals.com\/fr\/wp-json\/wp\/v2\/comments?post=5164"}],"version-history":[{"count":0,"href":"https:\/\/finkelstein-metals.com\/fr\/wp-json\/wp\/v2\/pages\/5164\/revisions"}],"wp:attachment":[{"href":"https:\/\/finkelstein-metals.com\/fr\/wp-json\/wp\/v2\/media?parent=5164"}],"curies":[{"name":"wp","href":"https:\/\/api.w.org\/{rel}","templated":true}]}}